{"id":4262,"date":"2024-01-12T12:49:05","date_gmt":"2024-01-12T11:49:05","guid":{"rendered":"https:\/\/pro.studioroof.com\/products\/fern-striped-butterflies-set-of-3\/"},"modified":"2026-03-26T10:33:25","modified_gmt":"2026-03-26T09:33:25","slug":"fern-striped-butterflies-set-of-3","status":"publish","type":"product","link":"https:\/\/pro.studioroof.com\/fr\/products\/fern-striped-butterflies-set-of-3\/","title":{"rendered":"Fern Striped Butterflies, set of 3"},"content":{"rendered":"<div>Objets 3D \u00e0 assembler, livr\u00e9s \u00e0 plat<br \/>Fabriqu\u00e9s en carton recycl\u00e9 et imprim\u00e9s avec des encres v\u00e9g\u00e9tales<br \/>Dimensions de l'\u00e9l\u00e9ment le plus grand une fois assembl\u00e9 : 12,5 x 5 x 13,5 cm \/ 4,9 x 1,9 x 5,3 pouces<br \/>2 feuilles A4 comprenant 35 pi\u00e8ces \u00e0 d\u00e9tacher et \u00e0 assembler<br \/>Les instructions de montage se trouvent \u00e0 l'int\u00e9rieur de l'emballage<\/div>\n","protected":false},"excerpt":{"rendered":"<div>Imaginez : vous entendez de l'eau couler, des oiseaux chanter et, soudain, trois cr\u00e9atures color\u00e9es voltigent autour de votre t\u00eate, si d\u00e9licates et enchanteresses qu'elles vous coupent le souffle. Et avant que vous ne vous en rendiez compte, elles ont disparu ! Heureusement, vous pouvez accrocher ce set de trois papillons au mur de votre maison et les admirer aussi longtemps que vous le souhaitez.<\/div>\n","protected":false},"featured_media":4233,"template":"","meta":{"_mo_disable_npp":"","_trash_the_other_posts":false,"editor_notices":[]},"product_brand":[],"product_cat":[137,61,131,44],"product_tag":[],"class_list":{"0":"post-4262","1":"product","2":"type-product","3":"status-publish","4":"has-post-thumbnail","6":"product_cat-butterflies-themes","7":"product_cat-butterflies","8":"product_cat-themes","9":"product_cat-wall-art","11":"first","12":"instock","13":"featured","14":"taxable","15":"shipping-taxable","16":"purchasable","17":"product-type-simple"},"bundled_by":[],"bundle_stock_status":"instock","bundle_stock_quantity":null,"bundle_virtual":false,"bundle_layout":"","bundle_add_to_cart_form_location":"","bundle_editable_in_cart":false,"bundle_sold_individually_context":"","bundle_item_grouping":"","bundle_min_size":"","bundle_max_size":"","bundle_price":[],"bundled_items":[],"bundle_sell_ids":[],"_links":{"self":[{"href":"https:\/\/pro.studioroof.com\/wp-json\/wp\/v2\/product\/4262","targetHints":{"allow":["GET"]}}],"collection":[{"href":"https:\/\/pro.studioroof.com\/wp-json\/wp\/v2\/product"}],"about":[{"href":"https:\/\/pro.studioroof.com\/wp-json\/wp\/v2\/types\/product"}],"wp:featuredmedia":[{"embeddable":true,"href":"https:\/\/pro.studioroof.com\/wp-json\/wp\/v2\/media\/4233"}],"wp:attachment":[{"href":"https:\/\/pro.studioroof.com\/wp-json\/wp\/v2\/media?parent=4262"}],"wp:term":[{"taxonomy":"product_brand","embeddable":true,"href":"https:\/\/pro.studioroof.com\/wp-json\/wp\/v2\/product_brand?post=4262"},{"taxonomy":"product_cat","embeddable":true,"href":"https:\/\/pro.studioroof.com\/wp-json\/wp\/v2\/product_cat?post=4262"},{"taxonomy":"product_tag","embeddable":true,"href":"https:\/\/pro.studioroof.com\/wp-json\/wp\/v2\/product_tag?post=4262"}],"curies":[{"name":"wp","href":"https:\/\/api.w.org\/{rel}","templated":true}]}}