{"id":3903,"date":"2024-01-04T11:21:30","date_gmt":"2024-01-04T10:21:30","guid":{"rendered":"https:\/\/pro.studioroof.com\/products\/emerald-beetle\/"},"modified":"2026-03-26T10:35:15","modified_gmt":"2026-03-26T09:35:15","slug":"emerald-beetle","status":"publish","type":"product","link":"https:\/\/pro.studioroof.com\/fr\/products\/emerald-beetle\/","title":{"rendered":"Emerald Beetle"},"content":{"rendered":"<div>Objet 3D \u00e0 assembler, livr\u00e9 \u00e0 plat<br \/>Fabriqu\u00e9 en carton recycl\u00e9 et imprim\u00e9 avec des encres v\u00e9g\u00e9tales<br \/>Dimensions une fois assembl\u00e9 : 12 x 6,5 x 33 cm \u2013 4,7 x 2,5 x 11,4 pouces<br \/>2 feuilles A4 comprenant 13 pi\u00e8ces \u00e0 d\u00e9tacher et \u00e0 assembler<br \/>Les instructions de montage se trouvent \u00e0 l'int\u00e9rieur de l'emballage<\/div>\n","protected":false},"excerpt":{"rendered":"<div>Dans la vraie vie animale, ils se faufilent discr\u00e8tement sous les feuilles et sur les branches, mais ces col\u00e9opt\u00e8res flamboyants et color\u00e9s, originaires des quatre coins du monde, semblent tout droit sortis d'un d\u00e9fil\u00e9 de mode. Donnez-leur une place parmi vos tr\u00e9sors artistiques, accrochez-les au mur, laissez-les ramper sur votre table et cr\u00e9ez votre propre histoire d'insectes.<\/div>\n","protected":false},"featured_media":3901,"template":"","meta":{"_mo_disable_npp":"","_trash_the_other_posts":false,"editor_notices":[]},"product_brand":[],"product_cat":[60,139,182,131,44],"product_tag":[],"class_list":{"0":"post-3903","1":"product","2":"type-product","3":"status-publish","4":"has-post-thumbnail","6":"product_cat-beetles","7":"product_cat-beetles-themes","8":"product_cat-our-favourite-gifts-2025","9":"product_cat-themes","10":"product_cat-wall-art","12":"first","13":"instock","14":"taxable","15":"shipping-taxable","16":"purchasable","17":"product-type-simple"},"bundled_by":[],"bundle_stock_status":"instock","bundle_stock_quantity":null,"bundle_virtual":false,"bundle_layout":"","bundle_add_to_cart_form_location":"","bundle_editable_in_cart":false,"bundle_sold_individually_context":"","bundle_item_grouping":"","bundle_min_size":"","bundle_max_size":"","bundle_price":[],"bundled_items":[],"bundle_sell_ids":[],"_links":{"self":[{"href":"https:\/\/pro.studioroof.com\/wp-json\/wp\/v2\/product\/3903","targetHints":{"allow":["GET"]}}],"collection":[{"href":"https:\/\/pro.studioroof.com\/wp-json\/wp\/v2\/product"}],"about":[{"href":"https:\/\/pro.studioroof.com\/wp-json\/wp\/v2\/types\/product"}],"wp:featuredmedia":[{"embeddable":true,"href":"https:\/\/pro.studioroof.com\/wp-json\/wp\/v2\/media\/3901"}],"wp:attachment":[{"href":"https:\/\/pro.studioroof.com\/wp-json\/wp\/v2\/media?parent=3903"}],"wp:term":[{"taxonomy":"product_brand","embeddable":true,"href":"https:\/\/pro.studioroof.com\/wp-json\/wp\/v2\/product_brand?post=3903"},{"taxonomy":"product_cat","embeddable":true,"href":"https:\/\/pro.studioroof.com\/wp-json\/wp\/v2\/product_cat?post=3903"},{"taxonomy":"product_tag","embeddable":true,"href":"https:\/\/pro.studioroof.com\/wp-json\/wp\/v2\/product_tag?post=3903"}],"curies":[{"name":"wp","href":"https:\/\/api.w.org\/{rel}","templated":true}]}}