{"id":2851,"date":"2023-11-13T14:13:14","date_gmt":"2023-11-13T13:13:14","guid":{"rendered":"https:\/\/pro.studioroof.com\/products\/pink-dragonfly\/"},"modified":"2026-03-26T10:40:11","modified_gmt":"2026-03-26T09:40:11","slug":"pink-dragonfly","status":"publish","type":"product","link":"https:\/\/pro.studioroof.com\/fr\/products\/pink-dragonfly\/","title":{"rendered":"Pink Dragonfly"},"content":{"rendered":"<div>Objet 3D \u00e0 monter, livr\u00e9 \u00e0 plat<br \/>Fabriqu\u00e9 en carton recycl\u00e9 et imprim\u00e9 avec des encres v\u00e9g\u00e9tales<br \/>Dimensions une fois mont\u00e9 : 47 x 8 x 36 cm<br \/>2 feuilles A4 comprenant 24 pi\u00e8ces \u00e0 d\u00e9tacher et \u00e0 assembler<br \/>Les instructions de montage se trouvent \u00e0 l'int\u00e9rieur de l'emballage<\/div>\n","protected":false},"excerpt":{"rendered":"<div>Ils ont quelque chose de myst\u00e9rieux, ces gracieux insectes aux ailes exceptionnellement color\u00e9es. Comme s'ils venaient d'arriver d'un monde f\u00e9erique. S'\u00e9lan\u00e7ant au-dessus de l'eau, la libellule donne un spectacle de danse. Ses ailes semblent faites de verre color\u00e9. On peut l'observer pendant des heures.<\/div>\n","protected":false},"featured_media":3639,"template":"","meta":{"_mo_disable_npp":"","_trash_the_other_posts":false,"editor_notices":[]},"product_brand":[],"product_cat":[137,62,182,131,44],"product_tag":[],"class_list":{"0":"post-2851","1":"product","2":"type-product","3":"status-publish","4":"has-post-thumbnail","6":"product_cat-butterflies-themes","7":"product_cat-dragonflies-bees","8":"product_cat-our-favourite-gifts-2025","9":"product_cat-themes","10":"product_cat-wall-art","12":"first","13":"instock","14":"taxable","15":"shipping-taxable","16":"purchasable","17":"product-type-simple"},"bundled_by":[],"bundle_stock_status":"instock","bundle_stock_quantity":null,"bundle_virtual":false,"bundle_layout":"","bundle_add_to_cart_form_location":"","bundle_editable_in_cart":false,"bundle_sold_individually_context":"","bundle_item_grouping":"","bundle_min_size":"","bundle_max_size":"","bundle_price":[],"bundled_items":[],"bundle_sell_ids":[],"_links":{"self":[{"href":"https:\/\/pro.studioroof.com\/wp-json\/wp\/v2\/product\/2851","targetHints":{"allow":["GET"]}}],"collection":[{"href":"https:\/\/pro.studioroof.com\/wp-json\/wp\/v2\/product"}],"about":[{"href":"https:\/\/pro.studioroof.com\/wp-json\/wp\/v2\/types\/product"}],"wp:featuredmedia":[{"embeddable":true,"href":"https:\/\/pro.studioroof.com\/wp-json\/wp\/v2\/media\/3639"}],"wp:attachment":[{"href":"https:\/\/pro.studioroof.com\/wp-json\/wp\/v2\/media?parent=2851"}],"wp:term":[{"taxonomy":"product_brand","embeddable":true,"href":"https:\/\/pro.studioroof.com\/wp-json\/wp\/v2\/product_brand?post=2851"},{"taxonomy":"product_cat","embeddable":true,"href":"https:\/\/pro.studioroof.com\/wp-json\/wp\/v2\/product_cat?post=2851"},{"taxonomy":"product_tag","embeddable":true,"href":"https:\/\/pro.studioroof.com\/wp-json\/wp\/v2\/product_tag?post=2851"}],"curies":[{"name":"wp","href":"https:\/\/api.w.org\/{rel}","templated":true}]}}