{"id":2844,"date":"2023-11-13T14:13:11","date_gmt":"2023-11-13T13:13:11","guid":{"rendered":"https:\/\/pro.studioroof.com\/products\/paradise-bird-flores\/"},"modified":"2026-03-26T10:42:17","modified_gmt":"2026-03-26T09:42:17","slug":"flores","status":"publish","type":"product","link":"https:\/\/pro.studioroof.com\/fr\/products\/flores\/","title":{"rendered":"Flores"},"content":{"rendered":"<div>Objet 3D \u00e0 monter, livr\u00e9 \u00e0 plat<br \/>Fabriqu\u00e9 en carton recycl\u00e9 et imprim\u00e9 avec des encres v\u00e9g\u00e9tales<br \/>Dimensions une fois mont\u00e9 : 18 x 7 x 37 cm<br \/>2 feuilles au format B5 contenant 6 pi\u00e8ces \u00e0 d\u00e9tacher et \u00e0 assembler<br \/>Les instructions de montage se trouvent \u00e0 l'int\u00e9rieur de l'emballage<\/div>\n","protected":false},"excerpt":{"rendered":"<div>Ces oiseaux de paradis en carton recycl\u00e9 sont des tr\u00e9sors particuliers pour votre maison : toujours color\u00e9s et s\u00e9duisants avec leurs motifs graphiques frappants. Ne vous y trompez pas : sous sa robe de plumes bleu roi, Flores est une femme qui aime faire la f\u00eate.<\/div>\n","protected":false},"featured_media":5065,"template":"","meta":{"_mo_disable_npp":"","_trash_the_other_posts":false,"editor_notices":[]},"product_brand":[],"product_cat":[138,63,131,44],"product_tag":[],"class_list":{"0":"post-2844","1":"product","2":"type-product","3":"status-publish","4":"has-post-thumbnail","6":"product_cat-birds-themes","7":"product_cat-birds","8":"product_cat-themes","9":"product_cat-wall-art","11":"first","12":"instock","13":"taxable","14":"shipping-taxable","15":"purchasable","16":"product-type-simple"},"bundled_by":[],"bundle_stock_status":"instock","bundle_stock_quantity":null,"bundle_virtual":false,"bundle_layout":"","bundle_add_to_cart_form_location":"","bundle_editable_in_cart":false,"bundle_sold_individually_context":"","bundle_item_grouping":"","bundle_min_size":"","bundle_max_size":"","bundle_price":[],"bundled_items":[],"bundle_sell_ids":[],"_links":{"self":[{"href":"https:\/\/pro.studioroof.com\/wp-json\/wp\/v2\/product\/2844","targetHints":{"allow":["GET"]}}],"collection":[{"href":"https:\/\/pro.studioroof.com\/wp-json\/wp\/v2\/product"}],"about":[{"href":"https:\/\/pro.studioroof.com\/wp-json\/wp\/v2\/types\/product"}],"wp:featuredmedia":[{"embeddable":true,"href":"https:\/\/pro.studioroof.com\/wp-json\/wp\/v2\/media\/5065"}],"wp:attachment":[{"href":"https:\/\/pro.studioroof.com\/wp-json\/wp\/v2\/media?parent=2844"}],"wp:term":[{"taxonomy":"product_brand","embeddable":true,"href":"https:\/\/pro.studioroof.com\/wp-json\/wp\/v2\/product_brand?post=2844"},{"taxonomy":"product_cat","embeddable":true,"href":"https:\/\/pro.studioroof.com\/wp-json\/wp\/v2\/product_cat?post=2844"},{"taxonomy":"product_tag","embeddable":true,"href":"https:\/\/pro.studioroof.com\/wp-json\/wp\/v2\/product_tag?post=2844"}],"curies":[{"name":"wp","href":"https:\/\/api.w.org\/{rel}","templated":true}]}}