{"id":2772,"date":"2023-11-13T14:12:07","date_gmt":"2023-11-13T13:12:07","guid":{"rendered":"https:\/\/pro.studioroof.com\/products\/honey-bees-set-of-3\/"},"modified":"2026-03-26T11:07:07","modified_gmt":"2026-03-26T10:07:07","slug":"honey-bees-set-of-3","status":"publish","type":"product","link":"https:\/\/pro.studioroof.com\/fr\/products\/honey-bees-set-of-3\/","title":{"rendered":"Honey bees, set of 3"},"content":{"rendered":"<div>Objets 3D \u00e0 assembler, livr\u00e9s \u00e0 plat<br \/>Fabriqu\u00e9s en carton recycl\u00e9 et imprim\u00e9s avec des encres v\u00e9g\u00e9tales<br \/>Dimensions de l'\u00e9l\u00e9ment le plus grand une fois assembl\u00e9 : 24 x 6 x 15 cm \/ 9,5 \u00d7 2,4 \u00d7 5,9 pouces<br \/>2 feuilles A4 comprenant 39 pi\u00e8ces \u00e0 d\u00e9tacher et \u00e0 assembler<br \/>Les instructions de montage se trouvent \u00e0 l'int\u00e9rieur de l'emballage<\/div>\n","protected":false},"excerpt":{"rendered":"<div>Imaginez : vous entendez l'eau couler, les oiseaux chanter et, soudain, trois cr\u00e9atures color\u00e9es virevoltent autour de votre t\u00eate, si d\u00e9licates et envo\u00fbtantes qu'elles vous coupent le souffle. Et avant m\u00eame que vous ne vous en rendiez compte, elles ont d\u00e9j\u00e0 disparu ! Heureusement, vous pouvez accrocher ce lot de trois abeilles au mur chez vous et les admirer aussi longtemps que vous le souhaitez.<\/div>\n","protected":false},"featured_media":3625,"template":"","meta":{"_mo_disable_npp":"","_trash_the_other_posts":false,"editor_notices":[]},"product_brand":[],"product_cat":[172,137,62,131,44],"product_tag":[],"class_list":{"0":"post-2772","1":"product","2":"type-product","3":"status-publish","4":"has-post-thumbnail","6":"product_cat-bees","7":"product_cat-butterflies-themes","8":"product_cat-dragonflies-bees","9":"product_cat-themes","10":"product_cat-wall-art","12":"first","13":"instock","14":"taxable","15":"shipping-taxable","16":"purchasable","17":"product-type-simple"},"bundled_by":[],"bundle_stock_status":"instock","bundle_stock_quantity":null,"bundle_virtual":false,"bundle_layout":"","bundle_add_to_cart_form_location":"","bundle_editable_in_cart":false,"bundle_sold_individually_context":"","bundle_item_grouping":"","bundle_min_size":"","bundle_max_size":"","bundle_price":[],"bundled_items":[],"bundle_sell_ids":[],"_links":{"self":[{"href":"https:\/\/pro.studioroof.com\/wp-json\/wp\/v2\/product\/2772","targetHints":{"allow":["GET"]}}],"collection":[{"href":"https:\/\/pro.studioroof.com\/wp-json\/wp\/v2\/product"}],"about":[{"href":"https:\/\/pro.studioroof.com\/wp-json\/wp\/v2\/types\/product"}],"wp:featuredmedia":[{"embeddable":true,"href":"https:\/\/pro.studioroof.com\/wp-json\/wp\/v2\/media\/3625"}],"wp:attachment":[{"href":"https:\/\/pro.studioroof.com\/wp-json\/wp\/v2\/media?parent=2772"}],"wp:term":[{"taxonomy":"product_brand","embeddable":true,"href":"https:\/\/pro.studioroof.com\/wp-json\/wp\/v2\/product_brand?post=2772"},{"taxonomy":"product_cat","embeddable":true,"href":"https:\/\/pro.studioroof.com\/wp-json\/wp\/v2\/product_cat?post=2772"},{"taxonomy":"product_tag","embeddable":true,"href":"https:\/\/pro.studioroof.com\/wp-json\/wp\/v2\/product_tag?post=2772"}],"curies":[{"name":"wp","href":"https:\/\/api.w.org\/{rel}","templated":true}]}}