{"id":2732,"date":"2023-11-13T14:11:10","date_gmt":"2023-11-13T13:11:10","guid":{"rendered":"https:\/\/pro.studioroof.com\/products\/deluxe-bouquet\/"},"modified":"2026-03-26T11:04:09","modified_gmt":"2026-03-26T10:04:09","slug":"deluxe-bouquet","status":"publish","type":"product","link":"https:\/\/pro.studioroof.com\/fr\/products\/deluxe-bouquet\/","title":{"rendered":"Deluxe Bouquet"},"content":{"rendered":"<div>Objet 3D \u00e0 monter, livr\u00e9 \u00e0 plat<br \/>Fabriqu\u00e9 en carton recycl\u00e9 et imprim\u00e9 avec des encres v\u00e9g\u00e9tales<br \/>Dimensions d'une fleur : 4 x 4 x 41,5 cm<br \/>4 feuilles A3 contenant 26 pi\u00e8ces \u00e0 d\u00e9tacher et \u00e0 assembler<br \/>Les instructions de montage se trouvent \u00e0 l'int\u00e9rieur de l'emballage<\/div>\n","protected":false},"excerpt":{"rendered":"<div>Cette ann\u00e9e, nous f\u00eatons notre 15e anniversaire, c'est pourquoi nous avons d\u00e9cid\u00e9 de lancer ces produits sp\u00e9ciaux pour marquer cette occasion tr\u00e8s sp\u00e9ciale ! Profitez chaque jour de leur style joyeux !<\/div>\n<div>Profitez pleinement d'un printemps haut en couleur et magnifique tout au long de l'ann\u00e9e gr\u00e2ce \u00e0 ces jolies fleurs diss\u00e9min\u00e9es un peu partout dans votre maison !<\/div>\n","protected":false},"featured_media":3539,"template":"","meta":{"_mo_disable_npp":"","_trash_the_other_posts":false,"editor_notices":[]},"product_brand":[],"product_cat":[160,53,43,131],"product_tag":[],"class_list":{"0":"post-2732","1":"product","2":"type-product","3":"status-publish","4":"has-post-thumbnail","6":"product_cat-floral-art-themes","7":"product_cat-flowers-objects","8":"product_cat-objects","9":"product_cat-themes","11":"first","12":"outofstock","13":"taxable","14":"shipping-taxable","15":"purchasable","16":"product-type-simple"},"bundled_by":[],"bundle_stock_status":"outofstock","bundle_stock_quantity":null,"bundle_virtual":false,"bundle_layout":"","bundle_add_to_cart_form_location":"","bundle_editable_in_cart":false,"bundle_sold_individually_context":"","bundle_item_grouping":"","bundle_min_size":"","bundle_max_size":"","bundle_price":[],"bundled_items":[],"bundle_sell_ids":[],"_links":{"self":[{"href":"https:\/\/pro.studioroof.com\/wp-json\/wp\/v2\/product\/2732","targetHints":{"allow":["GET"]}}],"collection":[{"href":"https:\/\/pro.studioroof.com\/wp-json\/wp\/v2\/product"}],"about":[{"href":"https:\/\/pro.studioroof.com\/wp-json\/wp\/v2\/types\/product"}],"wp:featuredmedia":[{"embeddable":true,"href":"https:\/\/pro.studioroof.com\/wp-json\/wp\/v2\/media\/3539"}],"wp:attachment":[{"href":"https:\/\/pro.studioroof.com\/wp-json\/wp\/v2\/media?parent=2732"}],"wp:term":[{"taxonomy":"product_brand","embeddable":true,"href":"https:\/\/pro.studioroof.com\/wp-json\/wp\/v2\/product_brand?post=2732"},{"taxonomy":"product_cat","embeddable":true,"href":"https:\/\/pro.studioroof.com\/wp-json\/wp\/v2\/product_cat?post=2732"},{"taxonomy":"product_tag","embeddable":true,"href":"https:\/\/pro.studioroof.com\/wp-json\/wp\/v2\/product_tag?post=2732"}],"curies":[{"name":"wp","href":"https:\/\/api.w.org\/{rel}","templated":true}]}}