{"id":2709,"date":"2023-11-13T14:10:15","date_gmt":"2023-11-13T13:10:15","guid":{"rendered":"https:\/\/pro.studioroof.com\/products\/sapphire-dragonfly\/"},"modified":"2026-04-07T17:14:12","modified_gmt":"2026-04-07T15:14:12","slug":"sapphire-dragonfly","status":"publish","type":"product","link":"https:\/\/pro.studioroof.com\/fr\/products\/sapphire-dragonfly\/","title":{"rendered":"Sapphire Dragonfly"},"content":{"rendered":"<div>Objet 3D \u00e0 assembler, livr\u00e9 \u00e0 plat<br \/>Fabriqu\u00e9 en carton recycl\u00e9 et imprim\u00e9 avec des encres v\u00e9g\u00e9tales<br \/>Dimensions une fois assembl\u00e9 : 17 x 8 x 16 cm \/ 6,7 \u00d7 3,1 \u00d7 6,3 pouces <br \/> 4 feuilles au format B7 contenant 17 pi\u00e8ces \u00e0 d\u00e9tacher et \u00e0 assembler<br \/>Les instructions de montage se trouvent \u00e0 l'int\u00e9rieur de l'emballage<\/div>\n","protected":false},"excerpt":{"rendered":"<div>Imagine-toi explorateur, scientifique ou artiste et laisse-toi inspirer par cette merveilleuse libellule. Construis la libellule, joue avec elle ou accroche-la au mur comme d\u00e9coration.<\/div>\n","protected":false},"featured_media":4843,"template":"","meta":{"_mo_disable_npp":"","_trash_the_other_posts":false,"editor_notices":[]},"product_brand":[],"product_cat":[137,62,131,44],"product_tag":[],"class_list":{"0":"post-2709","1":"product","2":"type-product","3":"status-publish","4":"has-post-thumbnail","6":"product_cat-butterflies-themes","7":"product_cat-dragonflies-bees","8":"product_cat-themes","9":"product_cat-wall-art","11":"first","12":"onbackorder","13":"taxable","14":"shipping-taxable","15":"purchasable","16":"product-type-simple"},"bundled_by":[],"bundle_stock_status":"onbackorder","bundle_stock_quantity":null,"bundle_virtual":false,"bundle_layout":"","bundle_add_to_cart_form_location":"","bundle_editable_in_cart":false,"bundle_sold_individually_context":"","bundle_item_grouping":"","bundle_min_size":"","bundle_max_size":"","bundle_price":[],"bundled_items":[],"bundle_sell_ids":[],"_links":{"self":[{"href":"https:\/\/pro.studioroof.com\/wp-json\/wp\/v2\/product\/2709","targetHints":{"allow":["GET"]}}],"collection":[{"href":"https:\/\/pro.studioroof.com\/wp-json\/wp\/v2\/product"}],"about":[{"href":"https:\/\/pro.studioroof.com\/wp-json\/wp\/v2\/types\/product"}],"wp:featuredmedia":[{"embeddable":true,"href":"https:\/\/pro.studioroof.com\/wp-json\/wp\/v2\/media\/4843"}],"wp:attachment":[{"href":"https:\/\/pro.studioroof.com\/wp-json\/wp\/v2\/media?parent=2709"}],"wp:term":[{"taxonomy":"product_brand","embeddable":true,"href":"https:\/\/pro.studioroof.com\/wp-json\/wp\/v2\/product_brand?post=2709"},{"taxonomy":"product_cat","embeddable":true,"href":"https:\/\/pro.studioroof.com\/wp-json\/wp\/v2\/product_cat?post=2709"},{"taxonomy":"product_tag","embeddable":true,"href":"https:\/\/pro.studioroof.com\/wp-json\/wp\/v2\/product_tag?post=2709"}],"curies":[{"name":"wp","href":"https:\/\/api.w.org\/{rel}","templated":true}]}}