{"id":2649,"date":"2023-11-13T14:09:15","date_gmt":"2023-11-13T13:09:15","guid":{"rendered":"https:\/\/pro.studioroof.com\/products\/elephant-beetle\/"},"modified":"2026-04-08T11:29:08","modified_gmt":"2026-04-08T09:29:08","slug":"elephant-beetle","status":"publish","type":"product","link":"https:\/\/pro.studioroof.com\/fr\/products\/elephant-beetle\/","title":{"rendered":"Elephant Beetle"},"content":{"rendered":"<div>Objet 3D \u00e0 monter, livr\u00e9 en kit \u00e0 plat<br \/>Fabriqu\u00e9 en carton recycl\u00e9 et imprim\u00e9 avec des encres v\u00e9g\u00e9tales<br \/>Dimensions une fois mont\u00e9 : 8 \u00d7 5,5 \u00d7 18 cm \/ 3,2 \u00d7 2,2 \u00d7 7 pouces<br \/>4 feuilles au format B7 contenant 11 pi\u00e8ces \u00e0 d\u00e9tacher et \u00e0 assembler<br \/>Les instructions de montage se trouvent \u00e0 l'int\u00e9rieur de l'emballage<\/div>\n","protected":false},"excerpt":{"rendered":"<div>Aussi petits soient-ils, les insectes sont d'une grande importance pour la vitalit\u00e9 de la terre. Il est donc extraordinaire qu'ils puissent d\u00e9sormais raconter leur histoire dans votre maison ! Imprim\u00e9es sur du carton recycl\u00e9 \u00e0 l'encre v\u00e9g\u00e9tale, ces cr\u00e9atures color\u00e9es aux motifs graphiques \u00e9clatants vous permettent d'ajouter un peu de beaut\u00e9 \u00e0 votre maison et au monde.<\/div>\n","protected":false},"featured_media":4829,"template":"","meta":{"_mo_disable_npp":"","_trash_the_other_posts":false,"editor_notices":[]},"product_brand":[],"product_cat":[60,139,131,44],"product_tag":[],"class_list":{"0":"post-2649","1":"product","2":"type-product","3":"status-publish","4":"has-post-thumbnail","6":"product_cat-beetles","7":"product_cat-beetles-themes","8":"product_cat-themes","9":"product_cat-wall-art","11":"first","12":"instock","13":"taxable","14":"shipping-taxable","15":"purchasable","16":"product-type-simple"},"bundled_by":[],"bundle_stock_status":"instock","bundle_stock_quantity":null,"bundle_virtual":false,"bundle_layout":"","bundle_add_to_cart_form_location":"","bundle_editable_in_cart":false,"bundle_sold_individually_context":"","bundle_item_grouping":"","bundle_min_size":"","bundle_max_size":"","bundle_price":[],"bundled_items":[],"bundle_sell_ids":[],"_links":{"self":[{"href":"https:\/\/pro.studioroof.com\/wp-json\/wp\/v2\/product\/2649","targetHints":{"allow":["GET"]}}],"collection":[{"href":"https:\/\/pro.studioroof.com\/wp-json\/wp\/v2\/product"}],"about":[{"href":"https:\/\/pro.studioroof.com\/wp-json\/wp\/v2\/types\/product"}],"wp:featuredmedia":[{"embeddable":true,"href":"https:\/\/pro.studioroof.com\/wp-json\/wp\/v2\/media\/4829"}],"wp:attachment":[{"href":"https:\/\/pro.studioroof.com\/wp-json\/wp\/v2\/media?parent=2649"}],"wp:term":[{"taxonomy":"product_brand","embeddable":true,"href":"https:\/\/pro.studioroof.com\/wp-json\/wp\/v2\/product_brand?post=2649"},{"taxonomy":"product_cat","embeddable":true,"href":"https:\/\/pro.studioroof.com\/wp-json\/wp\/v2\/product_cat?post=2649"},{"taxonomy":"product_tag","embeddable":true,"href":"https:\/\/pro.studioroof.com\/wp-json\/wp\/v2\/product_tag?post=2649"}],"curies":[{"name":"wp","href":"https:\/\/api.w.org\/{rel}","templated":true}]}}