{"id":2544,"date":"2023-11-13T14:07:14","date_gmt":"2023-11-13T13:07:14","guid":{"rendered":"https:\/\/pro.studioroof.com\/products\/circus-of-the-sun\/"},"modified":"2026-04-07T10:23:12","modified_gmt":"2026-04-07T08:23:12","slug":"circus-of-the-sun","status":"publish","type":"product","link":"https:\/\/pro.studioroof.com\/fr\/products\/circus-of-the-sun\/","title":{"rendered":"Circus of the sun"},"content":{"rendered":"<div>Objet 3D \u00e0 monter, livr\u00e9 \u00e0 plat<br \/>Fabriqu\u00e9 en carton recycl\u00e9 et imprim\u00e9 avec des encres v\u00e9g\u00e9tales<br \/>Dimensions une fois mont\u00e9 : 39,2 \u00d7 39,2 \u00d7 11,8 cm \/ 15,4 \u00d7 15,4 \u00d7 4,6 pouces<br \/>2 feuilles au format B4 comprenant 44 pi\u00e8ces \u00e0 d\u00e9tacher et \u00e0 assembler<br \/>Les instructions de montage se trouvent \u00e0 l'int\u00e9rieur de l'emballage<\/div>\n","protected":false},"excerpt":{"rendered":"<div>De beaux r\u00eaves pour de beaux b\u00e9b\u00e9s. Un mobile color\u00e9 et imaginatif pour raconter de belles histoires.<\/div>\n","protected":false},"featured_media":3552,"template":"","meta":{"_mo_disable_npp":"","_trash_the_other_posts":false,"editor_notices":[]},"product_brand":[],"product_cat":[157,185,189,54,43,51,131],"product_tag":[],"class_list":{"0":"post-2544","1":"product","2":"type-product","3":"status-publish","4":"has-post-thumbnail","6":"product_cat-dinos-en-unicorns","7":"product_cat-kids","8":"product_cat-mobiles-kids","9":"product_cat-mobiles-objects","10":"product_cat-objects","11":"product_cat-sale","12":"product_cat-themes","14":"first","15":"instock","16":"taxable","17":"shipping-taxable","18":"purchasable","19":"product-type-simple"},"bundled_by":[],"bundle_stock_status":"instock","bundle_stock_quantity":null,"bundle_virtual":false,"bundle_layout":"","bundle_add_to_cart_form_location":"","bundle_editable_in_cart":false,"bundle_sold_individually_context":"","bundle_item_grouping":"","bundle_min_size":"","bundle_max_size":"","bundle_price":[],"bundled_items":[],"bundle_sell_ids":[],"_links":{"self":[{"href":"https:\/\/pro.studioroof.com\/wp-json\/wp\/v2\/product\/2544","targetHints":{"allow":["GET"]}}],"collection":[{"href":"https:\/\/pro.studioroof.com\/wp-json\/wp\/v2\/product"}],"about":[{"href":"https:\/\/pro.studioroof.com\/wp-json\/wp\/v2\/types\/product"}],"wp:featuredmedia":[{"embeddable":true,"href":"https:\/\/pro.studioroof.com\/wp-json\/wp\/v2\/media\/3552"}],"wp:attachment":[{"href":"https:\/\/pro.studioroof.com\/wp-json\/wp\/v2\/media?parent=2544"}],"wp:term":[{"taxonomy":"product_brand","embeddable":true,"href":"https:\/\/pro.studioroof.com\/wp-json\/wp\/v2\/product_brand?post=2544"},{"taxonomy":"product_cat","embeddable":true,"href":"https:\/\/pro.studioroof.com\/wp-json\/wp\/v2\/product_cat?post=2544"},{"taxonomy":"product_tag","embeddable":true,"href":"https:\/\/pro.studioroof.com\/wp-json\/wp\/v2\/product_tag?post=2544"}],"curies":[{"name":"wp","href":"https:\/\/api.w.org\/{rel}","templated":true}]}}