{"id":2540,"date":"2023-11-13T14:07:13","date_gmt":"2023-11-13T13:07:13","guid":{"rendered":"https:\/\/pro.studioroof.com\/products\/dinosaurland\/"},"modified":"2026-03-26T10:57:09","modified_gmt":"2026-03-26T09:57:09","slug":"dinosaurland","status":"publish","type":"product","link":"https:\/\/pro.studioroof.com\/fr\/products\/dinosaurland\/","title":{"rendered":"Dinosaurland"},"content":{"rendered":"<div>Objet 3D \u00e0 assembler, livr\u00e9 \u00e0 plat<br \/>Fabriqu\u00e9 en carton recycl\u00e9 et imprim\u00e9 avec des encres v\u00e9g\u00e9tales<br \/>Dimensions une fois assembl\u00e9 : 36,2 \u00d7 36,2 \u00d7 8,1 cm \/ 14,3 \u00d7 14,3 \u00d7 3,2 pouces<br \/>2 feuilles au format B4 comprenant 55 pi\u00e8ces \u00e0 d\u00e9tacher et \u00e0 assembler<br \/>Les instructions de montage se trouvent \u00e0 l'int\u00e9rieur de l'emballage<\/div>\n","protected":false},"excerpt":{"rendered":"<div>De beaux r\u00eaves pour de beaux b\u00e9b\u00e9s. Un mobile color\u00e9 et imaginatif pour raconter de belles histoires.<\/div>\n","protected":false},"featured_media":3553,"template":"","meta":{"_mo_disable_npp":"","_trash_the_other_posts":false,"editor_notices":[]},"product_brand":[],"product_cat":[157,185,189,51,131],"product_tag":[],"class_list":{"0":"post-2540","1":"product","2":"type-product","3":"status-publish","4":"has-post-thumbnail","6":"product_cat-dinos-en-unicorns","7":"product_cat-kids","8":"product_cat-mobiles-kids","9":"product_cat-sale","10":"product_cat-themes","12":"first","13":"instock","14":"sale","15":"taxable","16":"shipping-taxable","17":"purchasable","18":"product-type-simple"},"bundled_by":[],"bundle_stock_status":"instock","bundle_stock_quantity":null,"bundle_virtual":false,"bundle_layout":"","bundle_add_to_cart_form_location":"","bundle_editable_in_cart":false,"bundle_sold_individually_context":"","bundle_item_grouping":"","bundle_min_size":"","bundle_max_size":"","bundle_price":[],"bundled_items":[],"bundle_sell_ids":[],"_links":{"self":[{"href":"https:\/\/pro.studioroof.com\/wp-json\/wp\/v2\/product\/2540","targetHints":{"allow":["GET"]}}],"collection":[{"href":"https:\/\/pro.studioroof.com\/wp-json\/wp\/v2\/product"}],"about":[{"href":"https:\/\/pro.studioroof.com\/wp-json\/wp\/v2\/types\/product"}],"wp:featuredmedia":[{"embeddable":true,"href":"https:\/\/pro.studioroof.com\/wp-json\/wp\/v2\/media\/3553"}],"wp:attachment":[{"href":"https:\/\/pro.studioroof.com\/wp-json\/wp\/v2\/media?parent=2540"}],"wp:term":[{"taxonomy":"product_brand","embeddable":true,"href":"https:\/\/pro.studioroof.com\/wp-json\/wp\/v2\/product_brand?post=2540"},{"taxonomy":"product_cat","embeddable":true,"href":"https:\/\/pro.studioroof.com\/wp-json\/wp\/v2\/product_cat?post=2540"},{"taxonomy":"product_tag","embeddable":true,"href":"https:\/\/pro.studioroof.com\/wp-json\/wp\/v2\/product_tag?post=2540"}],"curies":[{"name":"wp","href":"https:\/\/api.w.org\/{rel}","templated":true}]}}