{"id":2527,"date":"2023-11-13T14:07:09","date_gmt":"2023-11-13T13:07:09","guid":{"rendered":"https:\/\/pro.studioroof.com\/products\/bear\/"},"modified":"2026-03-26T10:57:19","modified_gmt":"2026-03-26T09:57:19","slug":"bear","status":"publish","type":"product","link":"https:\/\/pro.studioroof.com\/fr\/products\/bear\/","title":{"rendered":"Bear"},"content":{"rendered":"<div>Objet 3D \u00e0 assembler, livr\u00e9 \u00e0 plat<br \/>Fabriqu\u00e9 en carton recycl\u00e9 et imprim\u00e9 avec des encres v\u00e9g\u00e9tales<br \/>Dimensions une fois assembl\u00e9 : 8,6 \u00d7 3,2 \u00d7 6,8 cm \/ 3,4 \u00d7 1,3 \u00d7 2,7 pouces<br \/>2 feuilles de carton de 10 \u00d7 10 cm comprenant 9 pi\u00e8ces \u00e0 d\u00e9tacher et \u00e0 assembler<br \/>Les instructions de montage se trouvent \u00e0 l'int\u00e9rieur de l'emballage<\/div>\n","protected":false},"excerpt":{"rendered":"<div>Un adorable petit ornement que vous pouvez facilement assembler et accrocher \u00e0 une plante, un arbre de No\u00ebl, une lampe ou n'importe o\u00f9. Un porte-bonheur qui est un cadeau parfait pour un ami ou pour vous-m\u00eame.<\/div>\n","protected":false},"featured_media":5229,"template":"","meta":{"_mo_disable_npp":"","_trash_the_other_posts":false,"editor_notices":[]},"product_brand":[],"product_cat":[74,46,43,190,182],"product_tag":[],"class_list":{"0":"post-2527","1":"product","2":"type-product","3":"status-publish","4":"has-post-thumbnail","6":"product_cat-lucky-charms","7":"product_cat-mobiles","8":"product_cat-objects","9":"product_cat-ornaments","10":"product_cat-our-favourite-gifts-2025","12":"first","13":"instock","14":"taxable","15":"shipping-taxable","16":"purchasable","17":"product-type-simple"},"bundled_by":["2510"],"bundle_stock_status":"instock","bundle_stock_quantity":null,"bundle_virtual":false,"bundle_layout":"","bundle_add_to_cart_form_location":"","bundle_editable_in_cart":false,"bundle_sold_individually_context":"","bundle_item_grouping":"","bundle_min_size":"","bundle_max_size":"","bundle_price":[],"bundled_items":[],"bundle_sell_ids":[],"_links":{"self":[{"href":"https:\/\/pro.studioroof.com\/wp-json\/wp\/v2\/product\/2527","targetHints":{"allow":["GET"]}}],"collection":[{"href":"https:\/\/pro.studioroof.com\/wp-json\/wp\/v2\/product"}],"about":[{"href":"https:\/\/pro.studioroof.com\/wp-json\/wp\/v2\/types\/product"}],"wp:featuredmedia":[{"embeddable":true,"href":"https:\/\/pro.studioroof.com\/wp-json\/wp\/v2\/media\/5229"}],"wp:attachment":[{"href":"https:\/\/pro.studioroof.com\/wp-json\/wp\/v2\/media?parent=2527"}],"wp:term":[{"taxonomy":"product_brand","embeddable":true,"href":"https:\/\/pro.studioroof.com\/wp-json\/wp\/v2\/product_brand?post=2527"},{"taxonomy":"product_cat","embeddable":true,"href":"https:\/\/pro.studioroof.com\/wp-json\/wp\/v2\/product_cat?post=2527"},{"taxonomy":"product_tag","embeddable":true,"href":"https:\/\/pro.studioroof.com\/wp-json\/wp\/v2\/product_tag?post=2527"}],"curies":[{"name":"wp","href":"https:\/\/api.w.org\/{rel}","templated":true}]}}