{"id":38,"date":"2023-09-18T20:36:37","date_gmt":"2023-09-18T18:36:37","guid":{"rendered":"https:\/\/pro.studioroof.com\/?page_id=38"},"modified":"2024-02-21T10:36:32","modified_gmt":"2024-02-21T09:36:32","slug":"giving-back","status":"publish","type":"page","link":"https:\/\/pro.studioroof.com\/fr\/giving-back\/","title":{"rendered":"Giving back"},"content":{"rendered":"\t\t<div data-elementor-type=\"wp-page\" data-elementor-id=\"38\" class=\"elementor elementor-38\" data-elementor-post-type=\"page\">\n\t\t\t\t<div class=\"elementor-element elementor-element-5dc9b91 e-flex e-con-boxed e-con e-parent\" data-id=\"5dc9b91\" data-element_type=\"container\" data-e-type=\"container\" data-settings=\"{&quot;jet_parallax_layout_list&quot;:[]}\">\n\t\t\t\t\t<div class=\"e-con-inner\">\n\t\t\t\t<div class=\"elementor-element elementor-element-9a12f9d elementor-widget elementor-widget-heading\" data-id=\"9a12f9d\" data-element_type=\"widget\" data-e-type=\"widget\" data-widget_type=\"heading.default\">\n\t\t\t\t<div class=\"elementor-widget-container\">\n\t\t\t\t\t<h1 class=\"elementor-heading-title elementor-size-default\">Donner en retour<\/h1>\t\t\t\t<\/div>\n\t\t\t\t<\/div>\n\t\t\t\t<div class=\"elementor-element elementor-element-8377648 elementor-widget elementor-widget-text-editor\" data-id=\"8377648\" data-element_type=\"widget\" data-e-type=\"widget\" data-widget_type=\"text-editor.default\">\n\t\t\t\t<div class=\"elementor-widget-container\">\n\t\t\t\t\t\t\t\t\tune maison en Inde\t\t\t\t\t\t\t\t<\/div>\n\t\t\t\t<\/div>\n\t\t\t\t<div class=\"elementor-element elementor-element-3f06e8a elementor-hidden-mobile elementor-widget elementor-widget-html\" data-id=\"3f06e8a\" data-element_type=\"widget\" data-e-type=\"widget\" data-widget_type=\"html.default\">\n\t\t\t\t<div class=\"elementor-widget-container\">\n\t\t\t\t\t<iframe id=\"video-32616-1_youtube_iframe\" frameborder=\"0\" allowfullscreen=\"1\" allow=\"accelerometer; autoplay; clipboard-write; encrypted-media; gyroscope; picture-in-picture; web-share\" title=\"Herbebossing Kibale National Park in Oeganda\" src=\"https:\/\/www.youtube.com\/embed\/80_o9R4mfFw?controls=0&amp;rel=0&amp;disablekb=1&amp;showinfo=0&amp;modestbranding=0&amp;html5=1&amp;iv_load_policy=3&amp;autoplay=0&amp;end=0&amp;loop=0&amp;playsinline=0&amp;start=0&amp;nocookie=false&amp;enablejsapi=1&amp;origin=https%3A%2F%2Fstudioroof.com&amp;widgetid=1\" width=\"880\" height=\"495\"><\/iframe>\t\t\t\t<\/div>\n\t\t\t\t<\/div>\n\t\t\t\t<div class=\"elementor-element elementor-element-a9fc3ef elementor-hidden-desktop elementor-hidden-tablet elementor-widget elementor-widget-html\" data-id=\"a9fc3ef\" data-element_type=\"widget\" data-e-type=\"widget\" data-widget_type=\"html.default\">\n\t\t\t\t<div class=\"elementor-widget-container\">\n\t\t\t\t\t<iframe id=\"video-32616-1_youtube_iframe\" frameborder=\"0\" allowfullscreen=\"1\" allow=\"accelerometer; autoplay; clipboard-write; encrypted-media; gyroscope; picture-in-picture; web-share\" title=\"Herbebossing Kibale National Park in Oeganda\" src=\"https:\/\/www.youtube.com\/embed\/80_o9R4mfFw?controls=0&amp;rel=0&amp;disablekb=1&amp;showinfo=0&amp;modestbranding=0&amp;html5=1&amp;iv_load_policy=3&amp;autoplay=0&amp;end=0&amp;loop=0&amp;playsinline=0&amp;start=0&amp;nocookie=false&amp;enablejsapi=1&amp;origin=https%3A%2F%2Fstudioroof.com&amp;widgetid=1\" width=\"880\" height=\"225\"><\/iframe>\t\t\t\t<\/div>\n\t\t\t\t<\/div>\n\t\t<div class=\"elementor-element elementor-element-d9129d8 e-flex e-con-boxed e-con e-child\" data-id=\"d9129d8\" data-element_type=\"container\" data-e-type=\"container\" data-settings=\"{&quot;jet_parallax_layout_list&quot;:[]}\">\n\t\t\t\t\t<div class=\"e-con-inner\">\n\t\t<div class=\"elementor-element elementor-element-c796cf3 e-con-full e-flex e-con e-child\" data-id=\"c796cf3\" data-element_type=\"container\" data-e-type=\"container\" data-settings=\"{&quot;jet_parallax_layout_list&quot;:[]}\">\n\t\t\t\t<div class=\"elementor-element elementor-element-acbd616 elementor-widget elementor-widget-image\" data-id=\"acbd616\" data-element_type=\"widget\" data-e-type=\"widget\" data-widget_type=\"image.default\">\n\t\t\t\t<div class=\"elementor-widget-container\">\n\t\t\t\t\t\t\t\t\t\t\t\t\t\t\t<img fetchpriority=\"high\" decoding=\"async\" width=\"683\" height=\"1024\" src=\"https:\/\/pro.studioroof.com\/wp-content\/uploads\/2023\/11\/WM_8049-KarmMarg-scaled-1-683x1024.jpg\" class=\"attachment-large size-large wp-image-893\" alt=\"\" srcset=\"https:\/\/pro.studioroof.com\/wp-content\/uploads\/2023\/11\/WM_8049-KarmMarg-scaled-1-683x1024.jpg 683w, https:\/\/pro.studioroof.com\/wp-content\/uploads\/2023\/11\/WM_8049-KarmMarg-scaled-1-200x300.jpg 200w, https:\/\/pro.studioroof.com\/wp-content\/uploads\/2023\/11\/WM_8049-KarmMarg-scaled-1-768x1151.jpg 768w, https:\/\/pro.studioroof.com\/wp-content\/uploads\/2023\/11\/WM_8049-KarmMarg-scaled-1-1025x1536.jpg 1025w, https:\/\/pro.studioroof.com\/wp-content\/uploads\/2023\/11\/WM_8049-KarmMarg-scaled-1-1366x2048.jpg 1366w, https:\/\/pro.studioroof.com\/wp-content\/uploads\/2023\/11\/WM_8049-KarmMarg-scaled-1-600x899.jpg 600w, https:\/\/pro.studioroof.com\/wp-content\/uploads\/2023\/11\/WM_8049-KarmMarg-scaled-1.jpg 1708w\" sizes=\"(max-width: 683px) 100vw, 683px\" \/>\t\t\t\t\t\t\t\t\t\t\t\t\t\t\t<\/div>\n\t\t\t\t<\/div>\n\t\t\t\t<div class=\"elementor-element elementor-element-ea60bf0 elementor-hidden-mobile elementor-widget elementor-widget-text-editor\" data-id=\"ea60bf0\" data-element_type=\"widget\" data-e-type=\"widget\" data-widget_type=\"text-editor.default\">\n\t\t\t\t<div class=\"elementor-widget-container\">\n\t\t\t\t\t\t\t\t\t<p>Photos : Rolinda Windhorst<\/p>\t\t\t\t\t\t\t\t<\/div>\n\t\t\t\t<\/div>\n\t\t\t\t<\/div>\n\t\t<div class=\"elementor-element elementor-element-6e2ca80 e-con-full e-flex e-con e-child\" data-id=\"6e2ca80\" data-element_type=\"container\" data-e-type=\"container\" data-settings=\"{&quot;jet_parallax_layout_list&quot;:[]}\">\n\t\t\t\t<div class=\"elementor-element elementor-element-45fa1ae elementor-widget elementor-widget-image\" data-id=\"45fa1ae\" data-element_type=\"widget\" data-e-type=\"widget\" data-widget_type=\"image.default\">\n\t\t\t\t<div class=\"elementor-widget-container\">\n\t\t\t\t\t\t\t\t\t\t\t\t\t\t\t<img decoding=\"async\" width=\"683\" height=\"1024\" src=\"https:\/\/pro.studioroof.com\/wp-content\/uploads\/2023\/11\/WM_7574-KarmMarg-scaled-1-683x1024.jpg\" class=\"attachment-large size-large wp-image-892\" alt=\"\" srcset=\"https:\/\/pro.studioroof.com\/wp-content\/uploads\/2023\/11\/WM_7574-KarmMarg-scaled-1-683x1024.jpg 683w, https:\/\/pro.studioroof.com\/wp-content\/uploads\/2023\/11\/WM_7574-KarmMarg-scaled-1-200x300.jpg 200w, https:\/\/pro.studioroof.com\/wp-content\/uploads\/2023\/11\/WM_7574-KarmMarg-scaled-1-768x1151.jpg 768w, https:\/\/pro.studioroof.com\/wp-content\/uploads\/2023\/11\/WM_7574-KarmMarg-scaled-1-1025x1536.jpg 1025w, https:\/\/pro.studioroof.com\/wp-content\/uploads\/2023\/11\/WM_7574-KarmMarg-scaled-1-1366x2048.jpg 1366w, https:\/\/pro.studioroof.com\/wp-content\/uploads\/2023\/11\/WM_7574-KarmMarg-scaled-1-600x899.jpg 600w, https:\/\/pro.studioroof.com\/wp-content\/uploads\/2023\/11\/WM_7574-KarmMarg-scaled-1.jpg 1708w\" sizes=\"(max-width: 683px) 100vw, 683px\" \/>\t\t\t\t\t\t\t\t\t\t\t\t\t\t\t<\/div>\n\t\t\t\t<\/div>\n\t\t\t\t<div class=\"elementor-element elementor-element-8fe2aa1 elementor-hidden-desktop elementor-hidden-tablet elementor-widget elementor-widget-text-editor\" data-id=\"8fe2aa1\" data-element_type=\"widget\" data-e-type=\"widget\" data-widget_type=\"text-editor.default\">\n\t\t\t\t<div class=\"elementor-widget-container\">\n\t\t\t\t\t\t\t\t\t<p>Photos : Rolinda Windhorst<\/p>\t\t\t\t\t\t\t\t<\/div>\n\t\t\t\t<\/div>\n\t\t\t\t<\/div>\n\t\t\t\t\t<\/div>\n\t\t\t\t<\/div>\n\t\t<div class=\"elementor-element elementor-element-6c51fab e-flex e-con-boxed e-con e-child\" data-id=\"6c51fab\" data-element_type=\"container\" data-e-type=\"container\" data-settings=\"{&quot;jet_parallax_layout_list&quot;:[]}\">\n\t\t\t\t\t<div class=\"e-con-inner\">\n\t\t\t\t<div class=\"elementor-element elementor-element-639776c elementor-widget elementor-widget-text-editor\" data-id=\"639776c\" data-element_type=\"widget\" data-e-type=\"widget\" data-widget_type=\"text-editor.default\">\n\t\t\t\t<div class=\"elementor-widget-container\">\n\t\t\t\t\t\t\t\t\t<p>Nous sommes reconnaissants de pouvoir fa\u00e7onner nos vies en cr\u00e9ant des produits beaux et durables qui enflamment l'imagination. En m\u00eame temps, nous sommes conscients de l'in\u00e9galit\u00e9 dans le monde. En 2016, Romy a fait la connaissance de l'ONG Karm Marg \u00e0 Faridabad, en Inde.<\/p><p>Karm Marg est un foyer qui offre un abri aux enfants et aux jeunes d\u00e9favoris\u00e9s et leur apprend l'autosuffisance. Il offre un environnement chaleureux et stimulant \u00e0 30 \u00e0 40 enfants d'\u00e2ges diff\u00e9rents. Depuis sa cr\u00e9ation en 1997, plusieurs g\u00e9n\u00e9rations ont \u00e9t\u00e9 \u00e9lev\u00e9es avec amour et attention, afin qu'elles puissent mener une vie ind\u00e9pendante en tant qu'adultes et contribuer \u00e0 la soci\u00e9t\u00e9.<\/p>\t\t\t\t\t\t\t\t<\/div>\n\t\t\t\t<\/div>\n\t\t\t\t\t<\/div>\n\t\t\t\t<\/div>\n\t\t<div class=\"elementor-element elementor-element-380a11e e-flex e-con-boxed e-con e-child\" data-id=\"380a11e\" data-element_type=\"container\" data-e-type=\"container\" data-settings=\"{&quot;jet_parallax_layout_list&quot;:[]}\">\n\t\t\t\t\t<div class=\"e-con-inner\">\n\t\t<div class=\"elementor-element elementor-element-d03d1ed e-con-full e-flex e-con e-child\" data-id=\"d03d1ed\" data-element_type=\"container\" data-e-type=\"container\" data-settings=\"{&quot;jet_parallax_layout_list&quot;:[]}\">\n\t\t\t\t<div class=\"elementor-element elementor-element-aaf7948 elementor-widget elementor-widget-image\" data-id=\"aaf7948\" data-element_type=\"widget\" data-e-type=\"widget\" data-widget_type=\"image.default\">\n\t\t\t\t<div class=\"elementor-widget-container\">\n\t\t\t\t\t\t\t\t\t\t\t\t\t\t\t<img decoding=\"async\" width=\"1200\" height=\"883\" src=\"https:\/\/pro.studioroof.com\/wp-content\/uploads\/2023\/11\/karmmarg.gif\" class=\"attachment-full size-full wp-image-898\" alt=\"\" \/>\t\t\t\t\t\t\t\t\t\t\t\t\t\t\t<\/div>\n\t\t\t\t<\/div>\n\t\t\t\t<div class=\"elementor-element elementor-element-dfa17d4 elementor-widget elementor-widget-text-editor\" data-id=\"dfa17d4\" data-element_type=\"widget\" data-e-type=\"widget\" data-widget_type=\"text-editor.default\">\n\t\t\t\t<div class=\"elementor-widget-container\">\n\t\t\t\t\t\t\t\t\tPhotos prises lors de notre derni\u00e8re visite au printemps 2022\t\t\t\t\t\t\t\t<\/div>\n\t\t\t\t<\/div>\n\t\t\t\t<\/div>\n\t\t\t\t\t<\/div>\n\t\t\t\t<\/div>\n\t\t<div class=\"elementor-element elementor-element-0e7bf53 e-flex e-con-boxed e-con e-child\" data-id=\"0e7bf53\" data-element_type=\"container\" data-e-type=\"container\" data-settings=\"{&quot;jet_parallax_layout_list&quot;:[]}\">\n\t\t\t\t\t<div class=\"e-con-inner\">\n\t\t\t\t<div class=\"elementor-element elementor-element-68b758f elementor-widget elementor-widget-text-editor\" data-id=\"68b758f\" data-element_type=\"widget\" data-e-type=\"widget\" data-widget_type=\"text-editor.default\">\n\t\t\t\t<div class=\"elementor-widget-container\">\n\t\t\t\t\t\t\t\t\t<p>Depuis six ans, Studio ROOF reverse 5% des ventes de sa collection de No\u00ebl \u00e0 Karm Marg par l'interm\u00e9diaire de l'ONG n\u00e9erlandaise SCOMI. En 2019, Romy a rejoint le conseil d'administration de la fondation pour contribuer aux efforts de collecte de fonds.<\/p><p>Normalement, les membres du conseil d'administration de SCOMI se rendent chaque ann\u00e9e \u00e0 Karm Marg (\u00e0 leurs frais) pour avoir un contact personnel avec la direction et les enfants sur place. En raison de la pand\u00e9mie de COVID-19, cela n'a pas \u00e9t\u00e9 possible pendant plusieurs ann\u00e9es, mais en mai 2022, une petite d\u00e9l\u00e9gation de SCOMI et de Studio ROOF a pu se rendre \u00e0 Faridabad pour c\u00e9l\u00e9brer le 25e anniversaire du foyer.<\/p>\t\t\t\t\t\t\t\t<\/div>\n\t\t\t\t<\/div>\n\t\t\t\t\t<\/div>\n\t\t\t\t<\/div>\n\t\t<div class=\"elementor-element elementor-element-3a5c186 e-flex e-con-boxed e-con e-child\" data-id=\"3a5c186\" data-element_type=\"container\" data-e-type=\"container\" data-settings=\"{&quot;jet_parallax_layout_list&quot;:[]}\">\n\t\t\t\t\t<div class=\"e-con-inner\">\n\t\t<div class=\"elementor-element elementor-element-ed4fa8f e-con-full e-flex e-con e-child\" data-id=\"ed4fa8f\" data-element_type=\"container\" data-e-type=\"container\" data-settings=\"{&quot;jet_parallax_layout_list&quot;:[]}\">\n\t\t\t\t<div class=\"elementor-element elementor-element-69a5f57 elementor-widget elementor-widget-image\" data-id=\"69a5f57\" data-element_type=\"widget\" data-e-type=\"widget\" data-widget_type=\"image.default\">\n\t\t\t\t<div class=\"elementor-widget-container\">\n\t\t\t\t\t\t\t\t\t\t\t\t\t\t\t<img loading=\"lazy\" decoding=\"async\" width=\"683\" height=\"1024\" src=\"https:\/\/pro.studioroof.com\/wp-content\/uploads\/2023\/11\/WM_9155-Workshop-MadeByTheKidsOfKarmMarg-scaled-1-683x1024.jpg\" class=\"attachment-large size-large wp-image-899\" alt=\"\" srcset=\"https:\/\/pro.studioroof.com\/wp-content\/uploads\/2023\/11\/WM_9155-Workshop-MadeByTheKidsOfKarmMarg-scaled-1-683x1024.jpg 683w, https:\/\/pro.studioroof.com\/wp-content\/uploads\/2023\/11\/WM_9155-Workshop-MadeByTheKidsOfKarmMarg-scaled-1-200x300.jpg 200w, https:\/\/pro.studioroof.com\/wp-content\/uploads\/2023\/11\/WM_9155-Workshop-MadeByTheKidsOfKarmMarg-scaled-1-768x1151.jpg 768w, https:\/\/pro.studioroof.com\/wp-content\/uploads\/2023\/11\/WM_9155-Workshop-MadeByTheKidsOfKarmMarg-scaled-1-1025x1536.jpg 1025w, https:\/\/pro.studioroof.com\/wp-content\/uploads\/2023\/11\/WM_9155-Workshop-MadeByTheKidsOfKarmMarg-scaled-1-1366x2048.jpg 1366w, https:\/\/pro.studioroof.com\/wp-content\/uploads\/2023\/11\/WM_9155-Workshop-MadeByTheKidsOfKarmMarg-scaled-1-600x899.jpg 600w, https:\/\/pro.studioroof.com\/wp-content\/uploads\/2023\/11\/WM_9155-Workshop-MadeByTheKidsOfKarmMarg-scaled-1.jpg 1708w\" sizes=\"(max-width: 683px) 100vw, 683px\" \/>\t\t\t\t\t\t\t\t\t\t\t\t\t\t\t<\/div>\n\t\t\t\t<\/div>\n\t\t\t\t<\/div>\n\t\t<div class=\"elementor-element elementor-element-e374b86 e-con-full e-flex e-con e-child\" data-id=\"e374b86\" data-element_type=\"container\" data-e-type=\"container\" data-settings=\"{&quot;jet_parallax_layout_list&quot;:[]}\">\n\t\t\t\t<div class=\"elementor-element elementor-element-dbe3950 elementor-widget elementor-widget-image\" data-id=\"dbe3950\" data-element_type=\"widget\" data-e-type=\"widget\" data-widget_type=\"image.default\">\n\t\t\t\t<div class=\"elementor-widget-container\">\n\t\t\t\t\t\t\t\t\t\t\t\t\t\t\t<img loading=\"lazy\" decoding=\"async\" width=\"683\" height=\"1024\" src=\"https:\/\/pro.studioroof.com\/wp-content\/uploads\/2023\/11\/WM_9075-Workshop-MadeByTheKidsOfKarmMarg-scaled-1-683x1024.jpg\" class=\"attachment-large size-large wp-image-901\" alt=\"\" srcset=\"https:\/\/pro.studioroof.com\/wp-content\/uploads\/2023\/11\/WM_9075-Workshop-MadeByTheKidsOfKarmMarg-scaled-1-683x1024.jpg 683w, https:\/\/pro.studioroof.com\/wp-content\/uploads\/2023\/11\/WM_9075-Workshop-MadeByTheKidsOfKarmMarg-scaled-1-200x300.jpg 200w, https:\/\/pro.studioroof.com\/wp-content\/uploads\/2023\/11\/WM_9075-Workshop-MadeByTheKidsOfKarmMarg-scaled-1-768x1151.jpg 768w, https:\/\/pro.studioroof.com\/wp-content\/uploads\/2023\/11\/WM_9075-Workshop-MadeByTheKidsOfKarmMarg-scaled-1-1025x1536.jpg 1025w, https:\/\/pro.studioroof.com\/wp-content\/uploads\/2023\/11\/WM_9075-Workshop-MadeByTheKidsOfKarmMarg-scaled-1-1366x2048.jpg 1366w, https:\/\/pro.studioroof.com\/wp-content\/uploads\/2023\/11\/WM_9075-Workshop-MadeByTheKidsOfKarmMarg-scaled-1-600x899.jpg 600w, https:\/\/pro.studioroof.com\/wp-content\/uploads\/2023\/11\/WM_9075-Workshop-MadeByTheKidsOfKarmMarg-scaled-1.jpg 1708w\" sizes=\"(max-width: 683px) 100vw, 683px\" \/>\t\t\t\t\t\t\t\t\t\t\t\t\t\t\t<\/div>\n\t\t\t\t<\/div>\n\t\t\t\t<\/div>\n\t\t\t\t\t<\/div>\n\t\t\t\t<\/div>\n\t\t<div class=\"elementor-element elementor-element-931bcfb e-flex e-con-boxed e-con e-child\" data-id=\"931bcfb\" data-element_type=\"container\" data-e-type=\"container\" data-settings=\"{&quot;jet_parallax_layout_list&quot;:[]}\">\n\t\t\t\t\t<div class=\"e-con-inner\">\n\t\t\t\t<div class=\"elementor-element elementor-element-bc19a9b elementor-widget elementor-widget-text-editor\" data-id=\"bc19a9b\" data-element_type=\"widget\" data-e-type=\"widget\" data-widget_type=\"text-editor.default\">\n\t\t\t\t<div class=\"elementor-widget-container\">\n\t\t\t\t\t\t\t\t\t<p>Depuis le Studio ROOF, Ana\u00ebl Patry - directrice du studio -, Ines Beeftink - directrice artistique -, et Rolinda Windhorst - photographe - se sont rendues \u00e0 Karm Marg pour animer divers ateliers pour les enfants. Ils ont fabriqu\u00e9 des guirlandes festives avec des mat\u00e9riaux de r\u00e9cup\u00e9ration, cr\u00e9\u00e9 deux immenses ailes de paon sur le mur et permis aux enfants de se photographier les uns les autres \u00e0 l'aide du mat\u00e9riel professionnel de Rolinda. Bref, une semaine inoubliable !<\/p>\t\t\t\t\t\t\t\t<\/div>\n\t\t\t\t<\/div>\n\t\t\t\t\t<\/div>\n\t\t\t\t<\/div>\n\t\t\t\t\t<\/div>\n\t\t\t\t<\/div>\n\t\t<div class=\"elementor-element elementor-element-68e204a e-flex e-con-boxed e-con e-child\" data-id=\"68e204a\" data-element_type=\"container\" data-e-type=\"container\" data-settings=\"{&quot;jet_parallax_layout_list&quot;:[]}\">\n\t\t\t\t\t<div class=\"e-con-inner\">\n\t\t<div class=\"elementor-element elementor-element-6ce7d1f e-con-full e-flex e-con e-child\" data-id=\"6ce7d1f\" data-element_type=\"container\" data-e-type=\"container\" data-settings=\"{&quot;jet_parallax_layout_list&quot;:[]}\">\n\t\t\t\t<div class=\"elementor-element elementor-element-dd158c8 elementor-widget elementor-widget-image\" data-id=\"dd158c8\" data-element_type=\"widget\" data-e-type=\"widget\" data-widget_type=\"image.default\">\n\t\t\t\t<div class=\"elementor-widget-container\">\n\t\t\t\t\t\t\t\t\t\t\t\t\t\t\t<img loading=\"lazy\" decoding=\"async\" width=\"800\" height=\"800\" src=\"https:\/\/pro.studioroof.com\/wp-content\/uploads\/2023\/11\/heartkarm.gif\" class=\"attachment-large size-large wp-image-902\" alt=\"\" \/>\t\t\t\t\t\t\t\t\t\t\t\t\t\t\t<\/div>\n\t\t\t\t<\/div>\n\t\t\t\t<\/div>\n\t\t<div class=\"elementor-element elementor-element-651fd06 e-con-full e-flex e-con e-child\" data-id=\"651fd06\" data-element_type=\"container\" data-e-type=\"container\" data-settings=\"{&quot;jet_parallax_layout_list&quot;:[],&quot;background_background&quot;:&quot;classic&quot;}\">\n\t\t\t\t<div class=\"elementor-element elementor-element-f3ff57f elementor-widget elementor-widget-text-editor\" data-id=\"f3ff57f\" data-element_type=\"widget\" data-e-type=\"widget\" data-widget_type=\"text-editor.default\">\n\t\t\t\t<div class=\"elementor-widget-container\">\n\t\t\t\t\t\t\t\t\t<p>Vous souhaitez apporter votre contribution ?<\/p><p>Vous pouvez faire un don directement par l'interm\u00e9diaire de <a href=\"https:\/\/scomi.org\/\" target=\"_blank\" rel=\"noopener\">SCOMI<\/a>. Toutes les contributions, petites ou grandes, sont tr\u00e8s appr\u00e9ci\u00e9es !<\/p><p>Vous voulez en savoir plus ?<br \/>Regardez le <a href=\"https:\/\/youtu.be\/i1V6N97h5So?feature=shared\" target=\"_blank\" rel=\"noopener\">court-m\u00e9trage<\/a> cr\u00e9\u00e9 par Karm Marg.<br \/>Visitez la page <a href=\"https:\/\/www.instagram.com\/karmmarg\/\" target=\"_blank\" rel=\"noopener\">Instagram<\/a> ou <a href=\"https:\/\/www.facebook.com\/karmmarg\" target=\"_blank\" rel=\"noopener\">Facebook<\/a> de Karm Marg ou lisez le r\u00e9cent rapport sur la visite de SCOMI en <a href=\"https:\/\/studioroof.com\/wp-content\/uploads\/2023\/07\/Scomi-nieuwsbrief-english-2023-.pdf\" target=\"_blank\" rel=\"noopener\">f\u00e9vrier 2023<\/a>.<\/p>\t\t\t\t\t\t\t\t<\/div>\n\t\t\t\t<\/div>\n\t\t\t\t<\/div>\n\t\t\t\t\t<\/div>\n\t\t\t\t<\/div>\n\t\t<div class=\"elementor-element elementor-element-10ad5dd e-flex e-con-boxed e-con e-child\" data-id=\"10ad5dd\" data-element_type=\"container\" data-e-type=\"container\" data-settings=\"{&quot;jet_parallax_layout_list&quot;:[]}\">\n\t\t\t\t\t<div class=\"e-con-inner\">\n\t\t<div class=\"elementor-element elementor-element-779a594 e-con-full e-flex e-con e-child\" data-id=\"779a594\" data-element_type=\"container\" data-e-type=\"container\" data-settings=\"{&quot;jet_parallax_layout_list&quot;:[]}\">\n\t\t\t\t<div class=\"elementor-element elementor-element-0477a6c elementor-widget elementor-widget-image\" data-id=\"0477a6c\" data-element_type=\"widget\" data-e-type=\"widget\" data-widget_type=\"image.default\">\n\t\t\t\t<div class=\"elementor-widget-container\">\n\t\t\t\t\t\t\t\t\t\t\t\t\t\t\t<img loading=\"lazy\" decoding=\"async\" width=\"800\" height=\"534\" src=\"https:\/\/pro.studioroof.com\/wp-content\/uploads\/2023\/11\/WM_9241-KarmMarg-scaled-1-1024x683.jpg\" class=\"attachment-large size-large wp-image-910\" alt=\"\" srcset=\"https:\/\/pro.studioroof.com\/wp-content\/uploads\/2023\/11\/WM_9241-KarmMarg-scaled-1-1024x683.jpg 1024w, https:\/\/pro.studioroof.com\/wp-content\/uploads\/2023\/11\/WM_9241-KarmMarg-scaled-1-300x200.jpg 300w, https:\/\/pro.studioroof.com\/wp-content\/uploads\/2023\/11\/WM_9241-KarmMarg-scaled-1-768x512.jpg 768w, https:\/\/pro.studioroof.com\/wp-content\/uploads\/2023\/11\/WM_9241-KarmMarg-scaled-1-1536x1025.jpg 1536w, https:\/\/pro.studioroof.com\/wp-content\/uploads\/2023\/11\/WM_9241-KarmMarg-scaled-1-2048x1366.jpg 2048w, https:\/\/pro.studioroof.com\/wp-content\/uploads\/2023\/11\/WM_9241-KarmMarg-scaled-1-600x400.jpg 600w\" sizes=\"(max-width: 800px) 100vw, 800px\" \/>\t\t\t\t\t\t\t\t\t\t\t\t\t\t\t<\/div>\n\t\t\t\t<\/div>\n\t\t\t\t<div class=\"elementor-element elementor-element-89396fb elementor-widget elementor-widget-text-editor\" data-id=\"89396fb\" data-element_type=\"widget\" data-e-type=\"widget\" data-widget_type=\"text-editor.default\">\n\t\t\t\t<div class=\"elementor-widget-container\">\n\t\t\t\t\t\t\t\t\t<p>Les personnes \u00e0 l'origine de Karm Marg<\/p>\t\t\t\t\t\t\t\t<\/div>\n\t\t\t\t<\/div>\n\t\t\t\t<\/div>\n\t\t\t\t\t<\/div>\n\t\t\t\t<\/div>\n\t\t\t\t<\/div>\n\t\t","protected":false},"excerpt":{"rendered":"<p>Redonner un foyer en Inde Photos : Rolinda Windhorst Photos : Rolinda Windhorst Nous sommes reconnaissants de pouvoir fa\u00e7onner nos vies en cr\u00e9ant des produits beaux et durables qui stimulent l\u2019imagination. En m\u00eame temps, nous sommes conscients des in\u00e9galit\u00e9s qui existent dans le monde. En 2016, Romy a fait la connaissance de l\u2019ONG Karm Marg \u00e0 [\u2026]<\/p>\n","protected":false},"author":1,"featured_media":0,"parent":0,"menu_order":0,"comment_status":"closed","ping_status":"closed","template":"","meta":{"_mo_disable_npp":"","_trash_the_other_posts":false,"editor_notices":[],"footnotes":""},"class_list":["post-38","page","type-page","status-publish","hentry"],"_links":{"self":[{"href":"https:\/\/pro.studioroof.com\/wp-json\/wp\/v2\/pages\/38","targetHints":{"allow":["GET"]}}],"collection":[{"href":"https:\/\/pro.studioroof.com\/wp-json\/wp\/v2\/pages"}],"about":[{"href":"https:\/\/pro.studioroof.com\/wp-json\/wp\/v2\/types\/page"}],"author":[{"embeddable":true,"href":"https:\/\/pro.studioroof.com\/wp-json\/wp\/v2\/users\/1"}],"replies":[{"embeddable":true,"href":"https:\/\/pro.studioroof.com\/wp-json\/wp\/v2\/comments?post=38"}],"version-history":[{"count":0,"href":"https:\/\/pro.studioroof.com\/wp-json\/wp\/v2\/pages\/38\/revisions"}],"wp:attachment":[{"href":"https:\/\/pro.studioroof.com\/wp-json\/wp\/v2\/media?parent=38"}],"curies":[{"name":"wp","href":"https:\/\/api.w.org\/{rel}","templated":true}]}}