{"id":12,"date":"2023-08-21T14:13:31","date_gmt":"2023-08-21T12:13:31","guid":{"rendered":"https:\/\/pro.studioroof.com\/mijn-account\/"},"modified":"2024-04-16T16:11:04","modified_gmt":"2024-04-16T14:11:04","slug":"account","status":"publish","type":"page","link":"https:\/\/pro.studioroof.com\/fr\/account\/","title":{"rendered":"My account"},"content":{"rendered":"\t\t<div data-elementor-type=\"wp-page\" data-elementor-id=\"12\" class=\"elementor elementor-12\" data-elementor-post-type=\"page\">\n\t\t\t\t<div class=\"elementor-element elementor-element-12fe7c2 e-flex e-con-boxed e-con e-parent\" data-id=\"12fe7c2\" data-element_type=\"container\" data-e-type=\"container\" data-settings=\"{&quot;jet_parallax_layout_list&quot;:[]}\">\n\t\t\t\t\t<div class=\"e-con-inner\">\n\t\t\t\t<div class=\"elementor-element elementor-element-33ce579 elementor-widget elementor-widget-heading\" data-id=\"33ce579\" data-element_type=\"widget\" data-e-type=\"widget\" data-widget_type=\"heading.default\">\n\t\t\t\t<div class=\"elementor-widget-container\">\n\t\t\t\t\t<h1 class=\"elementor-heading-title elementor-size-default\">Mon compte<\/h1>\t\t\t\t<\/div>\n\t\t\t\t<\/div>\n\t\t\t\t<div class=\"elementor-element elementor-element-fdd078a e-my-account-tabs-vertical elementor-widget elementor-widget-woocommerce-my-account\" data-id=\"fdd078a\" data-element_type=\"widget\" data-e-type=\"widget\" data-widget_type=\"woocommerce-my-account.default\">\n\t\t\t\t<div class=\"elementor-widget-container\">\n\t\t\t\t\t<div class=\"e-my-account-tab e-my-account-tab__\">\t\t\t<div class=\"woocommerce\"><\/div>\t\t<\/div>\n\t\t\t\t\t\t<\/div>\n\t\t\t\t<\/div>\n\t\t\t\t\t<\/div>\n\t\t\t\t<\/div>\n\t\t\t\t<\/div>\n\t\t","protected":false},"excerpt":{"rendered":"<p>Mon compte - Tableau de bord - Commandes - Acheter \u00e0 nouveau - T\u00e9l\u00e9chargements - Adresses - D\u00e9tails du compte - Num\u00e9ro de TVA - Se d\u00e9connecter Bonjour BuroStaalSR (Ce n'est pas votre compte BuroStaalSR ? Se d\u00e9connecter) Depuis le tableau de bord de votre compte, vous pouvez consulter vos commandes r\u00e9centes, g\u00e9rer vos adresses de livraison et de facturation, et modifier votre mot de passe ainsi que les d\u00e9tails de votre compte.<\/p>\n","protected":false},"author":1,"featured_media":0,"parent":0,"menu_order":0,"comment_status":"closed","ping_status":"closed","template":"","meta":{"_mo_disable_npp":"","_trash_the_other_posts":false,"editor_notices":[],"footnotes":""},"class_list":["post-12","page","type-page","status-publish","hentry"],"_links":{"self":[{"href":"https:\/\/pro.studioroof.com\/wp-json\/wp\/v2\/pages\/12","targetHints":{"allow":["GET"]}}],"collection":[{"href":"https:\/\/pro.studioroof.com\/wp-json\/wp\/v2\/pages"}],"about":[{"href":"https:\/\/pro.studioroof.com\/wp-json\/wp\/v2\/types\/page"}],"author":[{"embeddable":true,"href":"https:\/\/pro.studioroof.com\/wp-json\/wp\/v2\/users\/1"}],"replies":[{"embeddable":true,"href":"https:\/\/pro.studioroof.com\/wp-json\/wp\/v2\/comments?post=12"}],"version-history":[{"count":4,"href":"https:\/\/pro.studioroof.com\/wp-json\/wp\/v2\/pages\/12\/revisions"}],"predecessor-version":[{"id":6804,"href":"https:\/\/pro.studioroof.com\/wp-json\/wp\/v2\/pages\/12\/revisions\/6804"}],"wp:attachment":[{"href":"https:\/\/pro.studioroof.com\/wp-json\/wp\/v2\/media?parent=12"}],"curies":[{"name":"wp","href":"https:\/\/api.w.org\/{rel}","templated":true}]}}