{"id":4262,"date":"2024-01-12T12:49:05","date_gmt":"2024-01-12T11:49:05","guid":{"rendered":"https:\/\/pro.studioroof.com\/products\/fern-striped-butterflies-set-of-3\/"},"modified":"2026-03-26T10:33:25","modified_gmt":"2026-03-26T09:33:25","slug":"fern-striped-butterflies-set-of-3","status":"publish","type":"product","link":"https:\/\/pro.studioroof.com\/de\/products\/fern-striped-butterflies-set-of-3\/","title":{"rendered":"Fern Striped Butterflies, set of 3"},"content":{"rendered":"<div>3D-Bausatz, wird flach verpackt geliefert<br \/>Hergestellt aus recyceltem Karton und bedruckt mit pflanzlichen Farben<br \/>Ma\u00dfe des gr\u00f6\u00dften Elements im zusammengebauten Zustand: 12,5 x 5 x 13,5 cm \/ 4,9 x 1,9 x 5,3 Zoll<br \/>2 x A4-Bogen mit 35 Teilen zum Ausstanzen und Zusammenbauen<br \/>Die Bauanleitung befindet sich auf der Innenseite der Verpackung<\/div>\n","protected":false},"excerpt":{"rendered":"<div>Stellen Sie sich vor: Sie h\u00f6ren Wasser tr\u00f6pfeln, V\u00f6gel singen und pl\u00f6tzlich flattern drei bunte Wesen um Ihren Kopf, so zart und bezaubernd, dass sie Ihnen den Atem rauben. Und ehe du dich versiehst, sind sie wieder weg! Zum Gl\u00fcck k\u00f6nnen Sie dieses Set mit drei Schmetterlingen zu Hause an die Wand h\u00e4ngen und sie so lange bewundern, wie Sie m\u00f6chten.<\/div>\n","protected":false},"featured_media":4233,"template":"","meta":{"_mo_disable_npp":"","_trash_the_other_posts":false,"editor_notices":[]},"product_brand":[],"product_cat":[137,61,131,44],"product_tag":[],"class_list":{"0":"post-4262","1":"product","2":"type-product","3":"status-publish","4":"has-post-thumbnail","6":"product_cat-butterflies-themes","7":"product_cat-butterflies","8":"product_cat-themes","9":"product_cat-wall-art","11":"first","12":"instock","13":"featured","14":"taxable","15":"shipping-taxable","16":"purchasable","17":"product-type-simple"},"bundled_by":[],"bundle_stock_status":"instock","bundle_stock_quantity":null,"bundle_virtual":false,"bundle_layout":"","bundle_add_to_cart_form_location":"","bundle_editable_in_cart":false,"bundle_sold_individually_context":"","bundle_item_grouping":"","bundle_min_size":"","bundle_max_size":"","bundle_price":[],"bundled_items":[],"bundle_sell_ids":[],"_links":{"self":[{"href":"https:\/\/pro.studioroof.com\/wp-json\/wp\/v2\/product\/4262","targetHints":{"allow":["GET"]}}],"collection":[{"href":"https:\/\/pro.studioroof.com\/wp-json\/wp\/v2\/product"}],"about":[{"href":"https:\/\/pro.studioroof.com\/wp-json\/wp\/v2\/types\/product"}],"wp:featuredmedia":[{"embeddable":true,"href":"https:\/\/pro.studioroof.com\/wp-json\/wp\/v2\/media\/4233"}],"wp:attachment":[{"href":"https:\/\/pro.studioroof.com\/wp-json\/wp\/v2\/media?parent=4262"}],"wp:term":[{"taxonomy":"product_brand","embeddable":true,"href":"https:\/\/pro.studioroof.com\/wp-json\/wp\/v2\/product_brand?post=4262"},{"taxonomy":"product_cat","embeddable":true,"href":"https:\/\/pro.studioroof.com\/wp-json\/wp\/v2\/product_cat?post=4262"},{"taxonomy":"product_tag","embeddable":true,"href":"https:\/\/pro.studioroof.com\/wp-json\/wp\/v2\/product_tag?post=4262"}],"curies":[{"name":"wp","href":"https:\/\/api.w.org\/{rel}","templated":true}]}}