{"id":2848,"date":"2023-11-13T14:13:12","date_gmt":"2023-11-13T13:13:12","guid":{"rendered":"https:\/\/pro.studioroof.com\/products\/honey-bee-2\/"},"modified":"2026-03-26T10:59:15","modified_gmt":"2026-03-26T09:59:15","slug":"honey-bee-2","status":"publish","type":"product","link":"https:\/\/pro.studioroof.com\/de\/products\/honey-bee-2\/","title":{"rendered":"Honey Bee"},"content":{"rendered":"<div>3D-Objekt zum Bauen, wird flach verpackt geliefert<\/div>\n<div>Hergestellt aus recyceltem Karton und bedruckt mit pflanzlicher Tinte<\/div>\n<div>Abmessungen im aufgebauten Zustand: 20 x 6 x 14 cm<\/div>\n<div>4 x B7-B\u00f6gen mit 13 Teilen zum Ausklappen und Zusammensetzen<\/div>\n<div>Die Montageanleitung befindet sich auf der Innenseite der Verpackung.<\/div>\n","protected":false},"excerpt":{"rendered":"<div>Nehmen Sie sich etwas Zeit, um einen Schmetterling oder K\u00e4fer ganz genau zu betrachten und sich an ihrer faszinierenden Sch\u00f6nheit zu erfreuen. Wussten Sie, dass achtzig Prozent aller Lebewesen auf unserem Planeten Insekten sind? Sie k\u00f6nnen sich also vorstellen, wie wichtig sie f\u00fcr unser Leben auf der Erde sind. Mit ihren zarten Farben und ihrer aerodynamischen Form honey bee die honey bee \u2013 genau wie in der realen Welt \u2013 ein Insekt, das man sch\u00e4tzen sollte.<\/div>\n","protected":false},"featured_media":4832,"template":"","meta":{"_mo_disable_npp":"","_trash_the_other_posts":false,"editor_notices":[]},"product_brand":[],"product_cat":[172,62,131,44],"product_tag":[],"class_list":{"0":"post-2848","1":"product","2":"type-product","3":"status-publish","4":"has-post-thumbnail","6":"product_cat-bees","7":"product_cat-dragonflies-bees","8":"product_cat-themes","9":"product_cat-wall-art","11":"first","12":"instock","13":"featured","14":"taxable","15":"shipping-taxable","16":"purchasable","17":"product-type-simple"},"bundled_by":[],"bundle_stock_status":"instock","bundle_stock_quantity":null,"bundle_virtual":false,"bundle_layout":"","bundle_add_to_cart_form_location":"","bundle_editable_in_cart":false,"bundle_sold_individually_context":"","bundle_item_grouping":"","bundle_min_size":"","bundle_max_size":"","bundle_price":[],"bundled_items":[],"bundle_sell_ids":[],"_links":{"self":[{"href":"https:\/\/pro.studioroof.com\/wp-json\/wp\/v2\/product\/2848","targetHints":{"allow":["GET"]}}],"collection":[{"href":"https:\/\/pro.studioroof.com\/wp-json\/wp\/v2\/product"}],"about":[{"href":"https:\/\/pro.studioroof.com\/wp-json\/wp\/v2\/types\/product"}],"wp:featuredmedia":[{"embeddable":true,"href":"https:\/\/pro.studioroof.com\/wp-json\/wp\/v2\/media\/4832"}],"wp:attachment":[{"href":"https:\/\/pro.studioroof.com\/wp-json\/wp\/v2\/media?parent=2848"}],"wp:term":[{"taxonomy":"product_brand","embeddable":true,"href":"https:\/\/pro.studioroof.com\/wp-json\/wp\/v2\/product_brand?post=2848"},{"taxonomy":"product_cat","embeddable":true,"href":"https:\/\/pro.studioroof.com\/wp-json\/wp\/v2\/product_cat?post=2848"},{"taxonomy":"product_tag","embeddable":true,"href":"https:\/\/pro.studioroof.com\/wp-json\/wp\/v2\/product_tag?post=2848"}],"curies":[{"name":"wp","href":"https:\/\/api.w.org\/{rel}","templated":true}]}}