{"id":2806,"date":"2023-11-13T14:12:16","date_gmt":"2023-11-13T13:12:16","guid":{"rendered":"https:\/\/pro.studioroof.com\/products\/jungle-sloth\/"},"modified":"2026-03-26T11:12:15","modified_gmt":"2026-03-26T10:12:15","slug":"jungle-sloth","status":"publish","type":"product","link":"https:\/\/pro.studioroof.com\/de\/products\/jungle-sloth\/","title":{"rendered":"Jungle Sloth"},"content":{"rendered":"<div>3D-Bausatz, wird flach verpackt geliefert<br \/>Hergestellt aus recyceltem Karton und bedruckt mit pflanzlichen Tinten<br \/>Ma\u00dfe im zusammengebauten Zustand: 25 x 7 x 27 cm<br \/>2 x A4-Bogen mit 7 Teilen zum Ausschneiden und Zusammenbauen<br \/>Die Aufbauanleitung befindet sich auf der Innenseite der Verpackung<\/div>\n","protected":false},"excerpt":{"rendered":"<div>Ein absoluter Bonvivant, der unserer Meinung nach das Konzept des Slow Living erfunden hat. F\u00fcr endlose, gem\u00e4chliche Geschichten voller Fantasie. Mit diesem Dschungeltier an Ihrer Wand entfaltet sich f\u00fcr Sie ein Dschungelbuch voller fantastischer Geschichten.<\/div>\n","protected":false},"featured_media":3455,"template":"","meta":{"_mo_disable_npp":"","_trash_the_other_posts":false,"editor_notices":[]},"product_brand":[],"product_cat":[131,44,64,155],"product_tag":[],"class_list":{"0":"post-2806","1":"product","2":"type-product","3":"status-publish","4":"has-post-thumbnail","6":"product_cat-themes","7":"product_cat-wall-art","8":"product_cat-wild-animals","9":"product_cat-jungle-animals-themes","11":"first","12":"outofstock","13":"taxable","14":"shipping-taxable","15":"purchasable","16":"product-type-simple"},"bundled_by":[],"bundle_stock_status":"outofstock","bundle_stock_quantity":null,"bundle_virtual":false,"bundle_layout":"","bundle_add_to_cart_form_location":"","bundle_editable_in_cart":false,"bundle_sold_individually_context":"","bundle_item_grouping":"","bundle_min_size":"","bundle_max_size":"","bundle_price":[],"bundled_items":[],"bundle_sell_ids":[],"_links":{"self":[{"href":"https:\/\/pro.studioroof.com\/wp-json\/wp\/v2\/product\/2806","targetHints":{"allow":["GET"]}}],"collection":[{"href":"https:\/\/pro.studioroof.com\/wp-json\/wp\/v2\/product"}],"about":[{"href":"https:\/\/pro.studioroof.com\/wp-json\/wp\/v2\/types\/product"}],"wp:featuredmedia":[{"embeddable":true,"href":"https:\/\/pro.studioroof.com\/wp-json\/wp\/v2\/media\/3455"}],"wp:attachment":[{"href":"https:\/\/pro.studioroof.com\/wp-json\/wp\/v2\/media?parent=2806"}],"wp:term":[{"taxonomy":"product_brand","embeddable":true,"href":"https:\/\/pro.studioroof.com\/wp-json\/wp\/v2\/product_brand?post=2806"},{"taxonomy":"product_cat","embeddable":true,"href":"https:\/\/pro.studioroof.com\/wp-json\/wp\/v2\/product_cat?post=2806"},{"taxonomy":"product_tag","embeddable":true,"href":"https:\/\/pro.studioroof.com\/wp-json\/wp\/v2\/product_tag?post=2806"}],"curies":[{"name":"wp","href":"https:\/\/api.w.org\/{rel}","templated":true}]}}