{"id":2750,"date":"2023-11-13T14:11:14","date_gmt":"2023-11-13T13:11:14","guid":{"rendered":"https:\/\/pro.studioroof.com\/products\/giant-lady-beetle\/"},"modified":"2026-03-26T10:54:21","modified_gmt":"2026-03-26T09:54:21","slug":"giant-lady-beetle","status":"publish","type":"product","link":"https:\/\/pro.studioroof.com\/de\/products\/giant-lady-beetle\/","title":{"rendered":"Giant Lady Beetle"},"content":{"rendered":"<div>3D-Bausatz, wird flach verpackt geliefert<br \/>Hergestellt aus recyceltem Karton und bedruckt mit pflanzlichen Tinten<br \/>Ma\u00dfe im zusammengebauten Zustand: 13 x 7 x 29 cm \u2013 5 x 2,8 x 11,4\u2033<br \/>2 x A4-Bogen mit 13 Teilen zum Herausdr\u00fccken und Zusammenbauen<br \/>Die Aufbauanleitung befindet sich auf der Innenseite der Verpackung<\/div>\n","protected":false},"excerpt":{"rendered":"<div>In der realen Tierwelt krabbeln sie unauff\u00e4llig unter Bl\u00e4ttern und auf \u00c4sten herum, aber diese extravaganten und farbenfrohen K\u00e4fer - aus allen Ecken der Welt - sehen aus, als w\u00e4ren sie gerade vom Laufsteg gekommen. Geben Sie ihnen einen Platz unter Ihren Kunstsch\u00e4tzen, h\u00e4ngen Sie sie an die Wand, lassen Sie sie auf Ihrem Tisch herumkrabbeln und kreieren Sie Ihre eigene Insektengeschichte. Seine leuchtenden und doch sanften Farben wecken frische Erinnerungen an Fr\u00fchlingstage. Lassen Sie diesen rosa K\u00e4fer in Ihr Wohnzimmer schwirren!<\/div>\n","protected":false},"featured_media":3288,"template":"","meta":{"_mo_disable_npp":"","_trash_the_other_posts":false,"editor_notices":[]},"product_brand":[],"product_cat":[60,139,131,44],"product_tag":[],"class_list":{"0":"post-2750","1":"product","2":"type-product","3":"status-publish","4":"has-post-thumbnail","6":"product_cat-beetles","7":"product_cat-beetles-themes","8":"product_cat-themes","9":"product_cat-wall-art","11":"first","12":"instock","13":"taxable","14":"shipping-taxable","15":"purchasable","16":"product-type-simple"},"bundled_by":[],"bundle_stock_status":"instock","bundle_stock_quantity":null,"bundle_virtual":false,"bundle_layout":"","bundle_add_to_cart_form_location":"","bundle_editable_in_cart":false,"bundle_sold_individually_context":"","bundle_item_grouping":"","bundle_min_size":"","bundle_max_size":"","bundle_price":[],"bundled_items":[],"bundle_sell_ids":[],"_links":{"self":[{"href":"https:\/\/pro.studioroof.com\/wp-json\/wp\/v2\/product\/2750","targetHints":{"allow":["GET"]}}],"collection":[{"href":"https:\/\/pro.studioroof.com\/wp-json\/wp\/v2\/product"}],"about":[{"href":"https:\/\/pro.studioroof.com\/wp-json\/wp\/v2\/types\/product"}],"wp:featuredmedia":[{"embeddable":true,"href":"https:\/\/pro.studioroof.com\/wp-json\/wp\/v2\/media\/3288"}],"wp:attachment":[{"href":"https:\/\/pro.studioroof.com\/wp-json\/wp\/v2\/media?parent=2750"}],"wp:term":[{"taxonomy":"product_brand","embeddable":true,"href":"https:\/\/pro.studioroof.com\/wp-json\/wp\/v2\/product_brand?post=2750"},{"taxonomy":"product_cat","embeddable":true,"href":"https:\/\/pro.studioroof.com\/wp-json\/wp\/v2\/product_cat?post=2750"},{"taxonomy":"product_tag","embeddable":true,"href":"https:\/\/pro.studioroof.com\/wp-json\/wp\/v2\/product_tag?post=2750"}],"curies":[{"name":"wp","href":"https:\/\/api.w.org\/{rel}","templated":true}]}}