{"id":2559,"date":"2023-11-13T14:07:17","date_gmt":"2023-11-13T13:07:17","guid":{"rendered":"https:\/\/pro.studioroof.com\/products\/bug-rendez-vous\/"},"modified":"2026-03-26T10:50:20","modified_gmt":"2026-03-26T09:50:20","slug":"bug-rendez-vous","status":"publish","type":"product","link":"https:\/\/pro.studioroof.com\/de\/products\/bug-rendez-vous\/","title":{"rendered":"Bug Rendez-Vous"},"content":{"rendered":"<div>3D-Bastelobjekte, flach verpackt<br \/>Im Lieferumfang enthalten sind 3 K\u00e4fer und 10 heraussteckbare Bl\u00e4tter sowie doppelseitiges Schaumstoffklebeband zum Befestigen der Bl\u00e4tter an der Wand<br \/>Hergestellt aus recyceltem Karton und bedruckt mit pflanzlichen Farben<br \/>Ma\u00dfe des gr\u00f6\u00dften K\u00e4fers im zusammengebauten Zustand: 8 x 6 x 17,8 cm \u2013 3 \u00d7 2,3 \u00d7 7\u201d<br \/>2 x A4-Kartonbogen mit 33 Teilen zum Ausschneiden und Zusammenbauen sowie 2 x A4-Papierbogen mit 10 Bl\u00e4ttern zum Ausschneiden<br \/>Die Aufbauanleitung befindet sich in der Verpackung<\/div>\n","protected":false},"excerpt":{"rendered":"<div>Werde zum Naturforscher und entdecke verschiedene Tier- und Pflanzenarten aus aller Welt! \u00d6ffne eine \u00dcberraschungskiste voller Pop-up-Tiere aus Pappe und Papierbl\u00fctenbl\u00e4tter erschaffe eine wundersch\u00f6ne Welt an deinen W\u00e4nden. Diese K\u00e4fer und Pflanzen aus moosigen W\u00e4ldern rund um den Globus werden sich an den W\u00e4nden deines Zuhauses wohlf\u00fchlen!<\/div>\n","protected":false},"featured_media":3330,"template":"","meta":{"_mo_disable_npp":"","_trash_the_other_posts":false,"editor_notices":[]},"product_brand":[],"product_cat":[51,44,127],"product_tag":[],"class_list":{"0":"post-2559","1":"product","2":"type-product","3":"status-publish","4":"has-post-thumbnail","6":"product_cat-sale","7":"product_cat-wall-art","8":"product_cat-wall-of-curiosity","10":"first","11":"instock","12":"sale","13":"taxable","14":"shipping-taxable","15":"purchasable","16":"product-type-simple"},"bundled_by":[],"bundle_stock_status":"instock","bundle_stock_quantity":null,"bundle_virtual":false,"bundle_layout":"","bundle_add_to_cart_form_location":"","bundle_editable_in_cart":false,"bundle_sold_individually_context":"","bundle_item_grouping":"","bundle_min_size":"","bundle_max_size":"","bundle_price":[],"bundled_items":[],"bundle_sell_ids":[],"_links":{"self":[{"href":"https:\/\/pro.studioroof.com\/wp-json\/wp\/v2\/product\/2559","targetHints":{"allow":["GET"]}}],"collection":[{"href":"https:\/\/pro.studioroof.com\/wp-json\/wp\/v2\/product"}],"about":[{"href":"https:\/\/pro.studioroof.com\/wp-json\/wp\/v2\/types\/product"}],"wp:featuredmedia":[{"embeddable":true,"href":"https:\/\/pro.studioroof.com\/wp-json\/wp\/v2\/media\/3330"}],"wp:attachment":[{"href":"https:\/\/pro.studioroof.com\/wp-json\/wp\/v2\/media?parent=2559"}],"wp:term":[{"taxonomy":"product_brand","embeddable":true,"href":"https:\/\/pro.studioroof.com\/wp-json\/wp\/v2\/product_brand?post=2559"},{"taxonomy":"product_cat","embeddable":true,"href":"https:\/\/pro.studioroof.com\/wp-json\/wp\/v2\/product_cat?post=2559"},{"taxonomy":"product_tag","embeddable":true,"href":"https:\/\/pro.studioroof.com\/wp-json\/wp\/v2\/product_tag?post=2559"}],"curies":[{"name":"wp","href":"https:\/\/api.w.org\/{rel}","templated":true}]}}