{"id":2532,"date":"2023-11-13T14:07:11","date_gmt":"2023-11-13T13:07:11","guid":{"rendered":"https:\/\/pro.studioroof.com\/products\/lobster\/"},"modified":"2026-03-26T10:57:14","modified_gmt":"2026-03-26T09:57:14","slug":"lobster","status":"publish","type":"product","link":"https:\/\/pro.studioroof.com\/de\/products\/lobster\/","title":{"rendered":"Lobster"},"content":{"rendered":"<div>3D-Bausatz, wird flach verpackt geliefert<br \/>Hergestellt aus recyceltem Karton und bedruckt mit pflanzlichen Farben<br \/>Ma\u00dfe im zusammengebauten Zustand: 5,1 \u00d7 3,1 \u00d7 11,1 cm \/ 2 \u00d7 1,2 \u00d7 4,4\u2033<br \/>2 Kartonb\u00f6gen \u00e0 10 \u00d7 10 cm mit 4 Teilen zum Ausstanzen und Zusammenbauen<br \/>Die Aufbauanleitung befindet sich auf der Innenseite der Verpackung<\/div>\n","protected":false},"excerpt":{"rendered":"<div>Ein s\u00fc\u00dfes kleines Ornament, das Sie leicht zusammenbauen und dann in eine Pflanze, einen Weihnachtsbaum, eine Lampe oder wo immer Sie wollen, h\u00e4ngen k\u00f6nnen. Ein Gl\u00fccksbringer, der einfach ein perfektes Geschenk f\u00fcr einen Freund oder f\u00fcr dich selbst ist.<\/div>\n","protected":false},"featured_media":5089,"template":"","meta":{"_mo_disable_npp":"","_trash_the_other_posts":false,"editor_notices":[]},"product_brand":[],"product_cat":[74,46,43,190,140,131],"product_tag":[],"class_list":{"0":"post-2532","1":"product","2":"type-product","3":"status-publish","4":"has-post-thumbnail","6":"product_cat-lucky-charms","7":"product_cat-mobiles","8":"product_cat-objects","9":"product_cat-ornaments","10":"product_cat-sea-creatures-themes","11":"product_cat-themes","13":"first","14":"instock","15":"taxable","16":"shipping-taxable","17":"purchasable","18":"product-type-simple"},"bundled_by":["7243"],"bundle_stock_status":"instock","bundle_stock_quantity":null,"bundle_virtual":false,"bundle_layout":"","bundle_add_to_cart_form_location":"","bundle_editable_in_cart":false,"bundle_sold_individually_context":"","bundle_item_grouping":"","bundle_min_size":"","bundle_max_size":"","bundle_price":[],"bundled_items":[],"bundle_sell_ids":[],"_links":{"self":[{"href":"https:\/\/pro.studioroof.com\/wp-json\/wp\/v2\/product\/2532","targetHints":{"allow":["GET"]}}],"collection":[{"href":"https:\/\/pro.studioroof.com\/wp-json\/wp\/v2\/product"}],"about":[{"href":"https:\/\/pro.studioroof.com\/wp-json\/wp\/v2\/types\/product"}],"wp:featuredmedia":[{"embeddable":true,"href":"https:\/\/pro.studioroof.com\/wp-json\/wp\/v2\/media\/5089"}],"wp:attachment":[{"href":"https:\/\/pro.studioroof.com\/wp-json\/wp\/v2\/media?parent=2532"}],"wp:term":[{"taxonomy":"product_brand","embeddable":true,"href":"https:\/\/pro.studioroof.com\/wp-json\/wp\/v2\/product_brand?post=2532"},{"taxonomy":"product_cat","embeddable":true,"href":"https:\/\/pro.studioroof.com\/wp-json\/wp\/v2\/product_cat?post=2532"},{"taxonomy":"product_tag","embeddable":true,"href":"https:\/\/pro.studioroof.com\/wp-json\/wp\/v2\/product_tag?post=2532"}],"curies":[{"name":"wp","href":"https:\/\/api.w.org\/{rel}","templated":true}]}}