{"id":2528,"date":"2023-11-13T14:07:10","date_gmt":"2023-11-13T13:07:10","guid":{"rendered":"https:\/\/pro.studioroof.com\/products\/robin\/"},"modified":"2026-03-26T10:30:22","modified_gmt":"2026-03-26T09:30:22","slug":"robin","status":"publish","type":"product","link":"https:\/\/pro.studioroof.com\/de\/products\/robin\/","title":{"rendered":"Robin"},"content":{"rendered":"<div>3D-Bausatz, wird flach verpackt geliefert<br \/>Hergestellt aus recyceltem Karton und bedruckt mit pflanzlichen Tinten<br \/>Ma\u00dfe im zusammengebauten Zustand: 8,5 \u00d7 8 \u00d7 8,1 cm \/ 3,3 \u00d7 3,1 \u00d7 3,2\u2033<br \/>2 Kartonb\u00f6gen \u00e0 10 \u00d7 10 cm mit 3 Teilen zum Herausdr\u00fccken und Zusammenbauen<br \/>Die Aufbauanleitung befindet sich auf der Innenseite der Verpackung<\/div>\n","protected":false},"excerpt":{"rendered":"<div>Ein s\u00fc\u00dfes kleines Ornament, das Sie leicht zusammenbauen und dann in eine Pflanze, einen Weihnachtsbaum, eine Lampe oder wo immer Sie wollen, h\u00e4ngen k\u00f6nnen. Ein Gl\u00fccksbringer, der einfach ein perfektes Geschenk f\u00fcr einen Freund oder f\u00fcr dich selbst ist.<\/div>\n","protected":false},"featured_media":5094,"template":"","meta":{"_mo_disable_npp":"","_trash_the_other_posts":false,"editor_notices":[]},"product_brand":[],"product_cat":[138,74,46,43,190,131],"product_tag":[],"class_list":{"0":"post-2528","1":"product","2":"type-product","3":"status-publish","4":"has-post-thumbnail","6":"product_cat-birds-themes","7":"product_cat-lucky-charms","8":"product_cat-mobiles","9":"product_cat-objects","10":"product_cat-ornaments","11":"product_cat-themes","13":"first","14":"instock","15":"taxable","16":"shipping-taxable","17":"purchasable","18":"product-type-simple"},"bundled_by":["2510"],"bundle_stock_status":"instock","bundle_stock_quantity":null,"bundle_virtual":false,"bundle_layout":"","bundle_add_to_cart_form_location":"","bundle_editable_in_cart":false,"bundle_sold_individually_context":"","bundle_item_grouping":"","bundle_min_size":"","bundle_max_size":"","bundle_price":[],"bundled_items":[],"bundle_sell_ids":[],"_links":{"self":[{"href":"https:\/\/pro.studioroof.com\/wp-json\/wp\/v2\/product\/2528","targetHints":{"allow":["GET"]}}],"collection":[{"href":"https:\/\/pro.studioroof.com\/wp-json\/wp\/v2\/product"}],"about":[{"href":"https:\/\/pro.studioroof.com\/wp-json\/wp\/v2\/types\/product"}],"wp:featuredmedia":[{"embeddable":true,"href":"https:\/\/pro.studioroof.com\/wp-json\/wp\/v2\/media\/5094"}],"wp:attachment":[{"href":"https:\/\/pro.studioroof.com\/wp-json\/wp\/v2\/media?parent=2528"}],"wp:term":[{"taxonomy":"product_brand","embeddable":true,"href":"https:\/\/pro.studioroof.com\/wp-json\/wp\/v2\/product_brand?post=2528"},{"taxonomy":"product_cat","embeddable":true,"href":"https:\/\/pro.studioroof.com\/wp-json\/wp\/v2\/product_cat?post=2528"},{"taxonomy":"product_tag","embeddable":true,"href":"https:\/\/pro.studioroof.com\/wp-json\/wp\/v2\/product_tag?post=2528"}],"curies":[{"name":"wp","href":"https:\/\/api.w.org\/{rel}","templated":true}]}}