{"id":37,"date":"2023-09-18T20:36:25","date_gmt":"2023-09-18T18:36:25","guid":{"rendered":"https:\/\/pro.studioroof.com\/?page_id=37"},"modified":"2024-02-21T10:36:32","modified_gmt":"2024-02-21T09:36:32","slug":"sustainability","status":"publish","type":"page","link":"https:\/\/pro.studioroof.com\/de\/sustainability\/","title":{"rendered":"Sustainability"},"content":{"rendered":"\t\t<div data-elementor-type=\"wp-page\" data-elementor-id=\"37\" class=\"elementor elementor-37\" data-elementor-post-type=\"page\">\n\t\t\t\t<div class=\"elementor-element elementor-element-fd948ad e-flex e-con-boxed e-con e-parent\" data-id=\"fd948ad\" data-element_type=\"container\" data-e-type=\"container\" data-settings=\"{&quot;jet_parallax_layout_list&quot;:[]}\">\n\t\t\t\t\t<div class=\"e-con-inner\">\n\t\t\t\t<div class=\"elementor-element elementor-element-b9f23cf elementor-widget elementor-widget-heading\" data-id=\"b9f23cf\" data-element_type=\"widget\" data-e-type=\"widget\" data-widget_type=\"heading.default\">\n\t\t\t\t<div class=\"elementor-widget-container\">\n\t\t\t\t\t<h1 class=\"elementor-heading-title elementor-size-default\">Nachhaltigkeit<\/h1>\t\t\t\t<\/div>\n\t\t\t\t<\/div>\n\t\t\t\t<div class=\"elementor-element elementor-element-59991c3 elementor-widget elementor-widget-text-editor\" data-id=\"59991c3\" data-element_type=\"widget\" data-e-type=\"widget\" data-widget_type=\"text-editor.default\">\n\t\t\t\t<div class=\"elementor-widget-container\">\n\t\t\t\t\t\t\t\t\terschwingliche und kreative Kunstwerke, die den Menschen und der Welt um uns herum gut tun\t\t\t\t\t\t\t\t<\/div>\n\t\t\t\t<\/div>\n\t\t<div class=\"elementor-element elementor-element-64767a1 e-flex e-con-boxed e-con e-child\" data-id=\"64767a1\" data-element_type=\"container\" data-e-type=\"container\" data-settings=\"{&quot;jet_parallax_layout_list&quot;:[]}\">\n\t\t\t\t\t<div class=\"e-con-inner\">\n\t\t<div class=\"elementor-element elementor-element-8709c58 e-con-full e-flex e-con e-child\" data-id=\"8709c58\" data-element_type=\"container\" data-e-type=\"container\" data-settings=\"{&quot;jet_parallax_layout_list&quot;:[]}\">\n\t\t\t\t<div class=\"elementor-element elementor-element-8158dec elementor-widget elementor-widget-image\" data-id=\"8158dec\" data-element_type=\"widget\" data-e-type=\"widget\" data-widget_type=\"image.default\">\n\t\t\t\t<div class=\"elementor-widget-container\">\n\t\t\t\t\t\t\t\t\t\t\t\t\t\t\t<img fetchpriority=\"high\" decoding=\"async\" width=\"768\" height=\"1024\" src=\"https:\/\/pro.studioroof.com\/wp-content\/uploads\/2023\/11\/nika-scaled-1-768x1024.jpg\" class=\"attachment-large size-large wp-image-862\" alt=\"\" srcset=\"https:\/\/pro.studioroof.com\/wp-content\/uploads\/2023\/11\/nika-scaled-1-768x1024.jpg 768w, https:\/\/pro.studioroof.com\/wp-content\/uploads\/2023\/11\/nika-scaled-1-225x300.jpg 225w, https:\/\/pro.studioroof.com\/wp-content\/uploads\/2023\/11\/nika-scaled-1-1152x1536.jpg 1152w, https:\/\/pro.studioroof.com\/wp-content\/uploads\/2023\/11\/nika-scaled-1-1536x2048.jpg 1536w, https:\/\/pro.studioroof.com\/wp-content\/uploads\/2023\/11\/nika-scaled-1-600x800.jpg 600w, https:\/\/pro.studioroof.com\/wp-content\/uploads\/2023\/11\/nika-scaled-1.jpg 1920w\" sizes=\"(max-width: 768px) 100vw, 768px\" \/>\t\t\t\t\t\t\t\t\t\t\t\t\t\t\t<\/div>\n\t\t\t\t<\/div>\n\t\t\t\t<\/div>\n\t\t<div class=\"elementor-element elementor-element-a692094 e-con-full e-flex e-con e-child\" data-id=\"a692094\" data-element_type=\"container\" data-e-type=\"container\" data-settings=\"{&quot;jet_parallax_layout_list&quot;:[]}\">\n\t\t<div class=\"elementor-element elementor-element-a26fdbc e-con-full e-flex e-con e-child\" data-id=\"a26fdbc\" data-element_type=\"container\" data-e-type=\"container\" data-settings=\"{&quot;background_background&quot;:&quot;classic&quot;,&quot;jet_parallax_layout_list&quot;:[]}\">\n\t\t\t\t<div class=\"elementor-element elementor-element-dcb510f elementor-widget elementor-widget-text-editor\" data-id=\"dcb510f\" data-element_type=\"widget\" data-e-type=\"widget\" data-widget_type=\"text-editor.default\">\n\t\t\t\t<div class=\"elementor-widget-container\">\n\t\t\t\t\t\t\t\t\t<p><strong>Wir lieben es, nachhaltige Produkte zu schaffen, die die Fantasie anregen!<\/strong><\/p><p>Unsere Hauptinspirationsquellen sind die Natur, die Kunst und verschiedene Kulturen.<\/p><p>Unser Ziel ist es, erschwingliche und kreative Kunstwerke herzustellen, die den Menschen und der Welt um uns herum gerecht werden.<\/p>\t\t\t\t\t\t\t\t<\/div>\n\t\t\t\t<\/div>\n\t\t\t\t<\/div>\n\t\t\t\t<\/div>\n\t\t\t\t\t<\/div>\n\t\t\t\t<\/div>\n\t\t<div class=\"elementor-element elementor-element-3a7dc6e e-flex e-con-boxed e-con e-child\" data-id=\"3a7dc6e\" data-element_type=\"container\" data-e-type=\"container\" data-settings=\"{&quot;jet_parallax_layout_list&quot;:[]}\">\n\t\t\t\t\t<div class=\"e-con-inner\">\n\t\t\t\t<div class=\"elementor-element elementor-element-1877466 elementor-widget elementor-widget-text-editor\" data-id=\"1877466\" data-element_type=\"widget\" data-e-type=\"widget\" data-widget_type=\"text-editor.default\">\n\t\t\t\t<div class=\"elementor-widget-container\">\n\t\t\t\t\t\t\t\t\t<p>Unsere Produkte werden aus recyceltem Karton hergestellt und mit pflanzlichen Farben bedruckt.<br \/>Sie halten sehr lange, k\u00f6nnen aber auch recycelt werden, wenn Sie sie einmal nicht mehr ben\u00f6tigen.<\/p><p>Wir arbeiten mit den besten Lieferanten zusammen, die mit Transparenz und Integrit\u00e4t arbeiten,<br \/>und die internationalen Gesetze einhalten.<\/p>\t\t\t\t\t\t\t\t<\/div>\n\t\t\t\t<\/div>\n\t\t\t\t\t<\/div>\n\t\t\t\t<\/div>\n\t\t<div class=\"elementor-element elementor-element-16dda83 e-flex e-con-boxed e-con e-child\" data-id=\"16dda83\" data-element_type=\"container\" data-e-type=\"container\" data-settings=\"{&quot;jet_parallax_layout_list&quot;:[]}\">\n\t\t\t\t\t<div class=\"e-con-inner\">\n\t\t<div class=\"elementor-element elementor-element-29678c5 e-con-full e-flex e-con e-child\" data-id=\"29678c5\" data-element_type=\"container\" data-e-type=\"container\" data-settings=\"{&quot;jet_parallax_layout_list&quot;:[],&quot;background_background&quot;:&quot;classic&quot;}\">\n\t\t\t\t<div class=\"elementor-element elementor-element-99ce3df elementor-widget elementor-widget-text-editor\" data-id=\"99ce3df\" data-element_type=\"widget\" data-e-type=\"widget\" data-widget_type=\"text-editor.default\">\n\t\t\t\t<div class=\"elementor-widget-container\">\n\t\t\t\t\t\t\t\t\t<p><strong>Jedes Design, das wir anfertigen, steht f\u00fcr einen neuen Baum, der jedes Jahr von der Stiftung Trees for All gepflanzt wird.<\/strong><\/p><p>Trees for All pflanzt B\u00e4ume in den Niederlanden und im Ausland und gleicht die Kohlenstoffemissionen aus.<\/p><p>Ihr Ziel ist es, weltweit neue W\u00e4lder zu pflanzen und bestehende W\u00e4lder wiederherzustellen. Dies erreichen sie durch die Unterst\u00fctzung nachhaltiger Forstprojekte.<\/p><p>Auf diese Weise tragen sie zu einem besseren Klima, mehr Artenvielfalt und besseren Lebensbedingungen f\u00fcr die Menschen vor Ort bei.<\/p>\t\t\t\t\t\t\t\t<\/div>\n\t\t\t\t<\/div>\n\t\t\t\t<\/div>\n\t\t<div class=\"elementor-element elementor-element-bf690d0 e-con-full e-flex e-con e-child\" data-id=\"bf690d0\" data-element_type=\"container\" data-e-type=\"container\" data-settings=\"{&quot;jet_parallax_layout_list&quot;:[]}\">\n\t\t\t\t<div class=\"elementor-element elementor-element-1a381a0 elementor-widget elementor-widget-image\" data-id=\"1a381a0\" data-element_type=\"widget\" data-e-type=\"widget\" data-widget_type=\"image.default\">\n\t\t\t\t<div class=\"elementor-widget-container\">\n\t\t\t\t\t\t\t\t\t\t\t\t\t\t\t<img decoding=\"async\" width=\"250\" height=\"250\" src=\"https:\/\/pro.studioroof.com\/wp-content\/uploads\/2023\/11\/treesforall.png\" class=\"attachment-large size-large wp-image-868\" alt=\"\" srcset=\"https:\/\/pro.studioroof.com\/wp-content\/uploads\/2023\/11\/treesforall.png 250w, https:\/\/pro.studioroof.com\/wp-content\/uploads\/2023\/11\/treesforall-150x150.png 150w, https:\/\/pro.studioroof.com\/wp-content\/uploads\/2023\/11\/treesforall-100x100.png 100w\" sizes=\"(max-width: 250px) 100vw, 250px\" \/>\t\t\t\t\t\t\t\t\t\t\t\t\t\t\t<\/div>\n\t\t\t\t<\/div>\n\t\t\t\t<div class=\"elementor-element elementor-element-251e3b8 elementor-widget elementor-widget-text-editor\" data-id=\"251e3b8\" data-element_type=\"widget\" data-e-type=\"widget\" data-widget_type=\"text-editor.default\">\n\t\t\t\t<div class=\"elementor-widget-container\">\n\t\t\t\t\t\t\t\t\t<p>MEHR \u00dcBER DIESE STIFTUNG ERFAHREN SIE AUF IHRER WEBSITE<br \/>TREESFORALL.NL<\/p>\t\t\t\t\t\t\t\t<\/div>\n\t\t\t\t<\/div>\n\t\t\t\t<\/div>\n\t\t\t\t\t<\/div>\n\t\t\t\t<\/div>\n\t\t<div class=\"elementor-element elementor-element-28294f1 e-flex e-con-boxed e-con e-child\" data-id=\"28294f1\" data-element_type=\"container\" data-e-type=\"container\" data-settings=\"{&quot;jet_parallax_layout_list&quot;:[]}\">\n\t\t\t\t\t<div class=\"e-con-inner\">\n\t\t\t\t<div class=\"elementor-element elementor-element-8b76557 elementor-hidden-mobile elementor-widget elementor-widget-html\" data-id=\"8b76557\" data-element_type=\"widget\" data-e-type=\"widget\" data-widget_type=\"html.default\">\n\t\t\t\t<div class=\"elementor-widget-container\">\n\t\t\t\t\t<iframe id=\"video-32616-1_youtube_iframe\" frameborder=\"0\" allowfullscreen=\"1\" allow=\"accelerometer; autoplay; clipboard-write; encrypted-media; gyroscope; picture-in-picture; web-share\" title=\"Herbebossing Kibale National Park in Oeganda\" src=\"https:\/\/www.youtube.com\/embed\/80_o9R4mfFw?controls=0&amp;rel=0&amp;disablekb=1&amp;showinfo=0&amp;modestbranding=0&amp;html5=1&amp;iv_load_policy=3&amp;autoplay=0&amp;end=0&amp;loop=0&amp;playsinline=0&amp;start=0&amp;nocookie=false&amp;enablejsapi=1&amp;origin=https%3A%2F%2Fstudioroof.com&amp;widgetid=1\" width=\"880\" height=\"495\"><\/iframe>\t\t\t\t<\/div>\n\t\t\t\t<\/div>\n\t\t\t\t<div class=\"elementor-element elementor-element-c753c3f elementor-hidden-desktop elementor-hidden-tablet elementor-widget elementor-widget-html\" data-id=\"c753c3f\" data-element_type=\"widget\" data-e-type=\"widget\" data-widget_type=\"html.default\">\n\t\t\t\t<div class=\"elementor-widget-container\">\n\t\t\t\t\t<iframe id=\"video-32616-1_youtube_iframe\" frameborder=\"0\" allowfullscreen=\"1\" allow=\"accelerometer; autoplay; clipboard-write; encrypted-media; gyroscope; picture-in-picture; web-share\" title=\"Herbebossing Kibale National Park in Oeganda\" src=\"https:\/\/www.youtube.com\/embed\/80_o9R4mfFw?controls=0&amp;rel=0&amp;disablekb=1&amp;showinfo=0&amp;modestbranding=0&amp;html5=1&amp;iv_load_policy=3&amp;autoplay=0&amp;end=0&amp;loop=0&amp;playsinline=0&amp;start=0&amp;nocookie=false&amp;enablejsapi=1&amp;origin=https%3A%2F%2Fstudioroof.com&amp;widgetid=1\" width=\"880\" height=\"225\"><\/iframe>\t\t\t\t<\/div>\n\t\t\t\t<\/div>\n\t\t<div class=\"elementor-element elementor-element-f740608 e-flex e-con-boxed e-con e-child\" data-id=\"f740608\" data-element_type=\"container\" data-e-type=\"container\" data-settings=\"{&quot;jet_parallax_layout_list&quot;:[]}\">\n\t\t\t\t\t<div class=\"e-con-inner\">\n\t\t\t\t<div class=\"elementor-element elementor-element-ce048ae elementor-widget elementor-widget-image\" data-id=\"ce048ae\" data-element_type=\"widget\" data-e-type=\"widget\" data-widget_type=\"image.default\">\n\t\t\t\t<div class=\"elementor-widget-container\">\n\t\t\t\t\t\t\t\t\t\t\t\t\t\t\t<img decoding=\"async\" width=\"500\" height=\"500\" src=\"https:\/\/pro.studioroof.com\/wp-content\/uploads\/2023\/11\/bird36.png\" class=\"attachment-large size-large wp-image-872\" alt=\"\" srcset=\"https:\/\/pro.studioroof.com\/wp-content\/uploads\/2023\/11\/bird36.png 500w, https:\/\/pro.studioroof.com\/wp-content\/uploads\/2023\/11\/bird36-300x300.png 300w, https:\/\/pro.studioroof.com\/wp-content\/uploads\/2023\/11\/bird36-150x150.png 150w, https:\/\/pro.studioroof.com\/wp-content\/uploads\/2023\/11\/bird36-100x100.png 100w\" sizes=\"(max-width: 500px) 100vw, 500px\" \/>\t\t\t\t\t\t\t\t\t\t\t\t\t\t\t<\/div>\n\t\t\t\t<\/div>\n\t\t\t\t<div class=\"elementor-element elementor-element-f046eea elementor-widget elementor-widget-text-editor\" data-id=\"f046eea\" data-element_type=\"widget\" data-e-type=\"widget\" data-widget_type=\"text-editor.default\">\n\t\t\t\t<div class=\"elementor-widget-container\">\n\t\t\t\t\t\t\t\t\t<p>Wir m\u00fcssen regelm\u00e4\u00dfig zu internationalen Fachmessen reisen, aber wir vermeiden Flugreisen so weit wie m\u00f6glich.<\/p><p>In den F\u00e4llen, in denen wir dies tun m\u00fcssen, kompensieren wir die Kohlenstoffemissionen, indem wir zus\u00e4tzliche B\u00e4ume pflanzen, die \u00fcber die B\u00e4ume hinausgehen, die wir f\u00fcr unsere Produktpalette anpflanzen.<\/p><p>Wir tun st\u00e4ndig unser Bestes, um unseren Beitrag zur Verbesserung der Welt um uns herum zu leisten und unseren \u00f6kologischen Fu\u00dfabdruck zu verringern, ohne die Qualit\u00e4t und Erschwinglichkeit unserer farbenfrohen Produkte zu beeintr\u00e4chtigen.<\/p>\t\t\t\t\t\t\t\t<\/div>\n\t\t\t\t<\/div>\n\t\t\t\t\t<\/div>\n\t\t\t\t<\/div>\n\t\t\t\t\t<\/div>\n\t\t\t\t<\/div>\n\t\t\t\t\t<\/div>\n\t\t\t\t<\/div>\n\t\t\t\t<\/div>\n\t\t","protected":false},"excerpt":{"rendered":"<p>Nachhaltigkeit \u2013 erschwingliche und kreative Kunstwerke, die den Menschen und unserer Umwelt zugutekommen Wir lieben es, nachhaltige Produkte zu schaffen, die die Fantasie befl\u00fcgeln! Unsere wichtigsten Inspirationsquellen sind die Natur, die Kunst und verschiedene Kulturen. Unser Ziel ist es, erschwingliche und kreative Kunstwerke zu schaffen, die den Menschen und der [\u2026]<\/p>\n","protected":false},"author":1,"featured_media":0,"parent":0,"menu_order":0,"comment_status":"closed","ping_status":"closed","template":"","meta":{"_mo_disable_npp":"","_trash_the_other_posts":false,"editor_notices":[],"footnotes":""},"class_list":["post-37","page","type-page","status-publish","hentry"],"_links":{"self":[{"href":"https:\/\/pro.studioroof.com\/wp-json\/wp\/v2\/pages\/37","targetHints":{"allow":["GET"]}}],"collection":[{"href":"https:\/\/pro.studioroof.com\/wp-json\/wp\/v2\/pages"}],"about":[{"href":"https:\/\/pro.studioroof.com\/wp-json\/wp\/v2\/types\/page"}],"author":[{"embeddable":true,"href":"https:\/\/pro.studioroof.com\/wp-json\/wp\/v2\/users\/1"}],"replies":[{"embeddable":true,"href":"https:\/\/pro.studioroof.com\/wp-json\/wp\/v2\/comments?post=37"}],"version-history":[{"count":0,"href":"https:\/\/pro.studioroof.com\/wp-json\/wp\/v2\/pages\/37\/revisions"}],"wp:attachment":[{"href":"https:\/\/pro.studioroof.com\/wp-json\/wp\/v2\/media?parent=37"}],"curies":[{"name":"wp","href":"https:\/\/api.w.org\/{rel}","templated":true}]}}